{"id":59406,"date":"2020-06-03T20:21:13","date_gmt":"2020-06-03T20:21:13","guid":{"rendered":"https:\/\/froca.cat\/contacte\/"},"modified":"2023-01-30T10:18:23","modified_gmt":"2023-01-30T10:18:23","slug":"contacto","status":"publish","type":"page","link":"https:\/\/froca.cat\/es\/contacto\/","title":{"rendered":"CONTACTO"},"content":{"rendered":"<p><div class=\"fusion-fullwidth fullwidth-box fusion-builder-row-1 fusion-flex-container nonhundred-percent-fullwidth non-hundred-percent-height-scrolling\" style=\"--awb-border-radius-top-left:0px;--awb-border-radius-top-right:0px;--awb-border-radius-bottom-right:0px;--awb-border-radius-bottom-left:0px;--awb-padding-top:0px;--awb-padding-bottom:0px;--awb-margin-top:0px;--awb-margin-bottom:0px;--awb-background-color:rgba(219,219,219,0.99);--awb-flex-wrap:wrap;\" ><div class=\"fusion-builder-row fusion-row fusion-flex-align-items-flex-start fusion-flex-content-wrap\" style=\"max-width:1456px;margin-left: calc(-4% \/ 2 );margin-right: calc(-4% \/ 2 );\"><div class=\"fusion-layout-column fusion_builder_column fusion-builder-column-0 fusion_builder_column_1_1 1_1 fusion-flex-column\" style=\"--awb-padding-top:4%;--awb-padding-right:3%;--awb-padding-bottom:1%;--awb-padding-left:3%;--awb-bg-color:#ffffff;--awb-bg-color-hover:#ffffff;--awb-bg-size:cover;--awb-width-large:100%;--awb-margin-top-large:0px;--awb-spacing-right-large:1.92%;--awb-margin-bottom-large:0px;--awb-spacing-left-large:1.92%;--awb-width-medium:100%;--awb-spacing-right-medium:1.92%;--awb-spacing-left-medium:1.92%;--awb-width-small:100%;--awb-spacing-right-small:1.92%;--awb-spacing-left-small:1.92%;\"><div class=\"fusion-column-wrapper fusion-column-has-shadow fusion-flex-justify-content-flex-start fusion-content-layout-column\"><div class=\"fusion-builder-row fusion-builder-row-inner fusion-row fusion-flex-align-items-flex-start fusion-flex-content-wrap\" style=\"width:104% !important;max-width:104% !important;margin-left: calc(-4% \/ 2 );margin-right: calc(-4% \/ 2 );\"><div class=\"fusion-layout-column fusion_builder_column_inner fusion-builder-nested-column-0 fusion_builder_column_inner_1_2 1_2 fusion-flex-column\" style=\"--awb-padding-left:15%;--awb-bg-size:cover;--awb-width-large:50%;--awb-margin-top-large:0px;--awb-spacing-right-large:3.84%;--awb-margin-bottom-large:20px;--awb-spacing-left-large:3.84%;--awb-width-medium:100%;--awb-spacing-right-medium:1.92%;--awb-spacing-left-medium:1.92%;--awb-width-small:100%;--awb-spacing-right-small:1.92%;--awb-spacing-left-small:1.92%;\"><div class=\"fusion-column-wrapper fusion-column-has-shadow fusion-flex-justify-content-flex-start fusion-content-layout-column\"><div class=\"fusion-title title fusion-title-1 fusion-sep-none fusion-title-text fusion-title-size-two\" style=\"--awb-text-color:#32173c;--awb-font-size:30px;\" id=\"underline-titles\"><h2 class=\"fusion-title-heading title-heading-left fusion-responsive-typography-calculated\" style=\"margin:0;font-size:1em;--fontSize:30;line-height:1.0;\">CONTACTA CON NOSOTROS<\/h2><\/div><div class=\"fusion-separator fusion-full-width-sep\" style=\"align-self: center;margin-left: auto;margin-right: auto;margin-bottom:20px;width:100%;\"><\/div><div class=\"fusion-text fusion-text-1\" style=\"--awb-content-alignment:left;\"><p>A F.Roca estamos a tu entera disposici\u00f3n, as\u00ed que si quieres contarnos tu proyecto, si tienes dudas, o si deseas recibir m\u00e1s informaci\u00f3n sobre cualquier servicio, rellena el formulario y te responderemos lo antes posible.<\/p>\n<\/div><div class=\"fusion-text fusion-text-2\" style=\"--awb-content-alignment:left;\"><h6>Le informamos que los datos que voluntariamente nos proporcione en el presente formulario ser\u00e1n tratados por \u201cF.ROCA\u201d con el fin de dar respuesta a su solicitud. Sus datos no ser\u00e1n cedidos a terceros, excepto cuando sea indispensable para la prestaci\u00f3n del servicio o obligaciones legales. Puede ejercer sus derechos de acceso, rectificaci\u00f3n, limitaci\u00f3n, portabilidad, oposici\u00f3n y supresi\u00f3n de los datos a trav\u00e9s del correo electr\u00f3nico froca@froca.cat. M\u00e1s informaci\u00f3n en https:\/\/froca.cat\/politica-privacitat<\/h6>\n<\/div><\/div><\/div><div class=\"fusion-layout-column fusion_builder_column_inner fusion-builder-nested-column-1 fusion_builder_column_inner_1_2 1_2 fusion-flex-column\" style=\"--awb-padding-right:15%;--awb-bg-size:cover;--awb-width-large:50%;--awb-margin-top-large:0px;--awb-spacing-right-large:3.84%;--awb-margin-bottom-large:20px;--awb-spacing-left-large:3.84%;--awb-width-medium:100%;--awb-spacing-right-medium:1.92%;--awb-spacing-left-medium:1.92%;--awb-width-small:100%;--awb-spacing-right-small:1.92%;--awb-spacing-left-small:1.92%;\"><div class=\"fusion-column-wrapper fusion-column-has-shadow fusion-flex-justify-content-flex-start fusion-content-layout-column\"><div class=\"fusion-separator fusion-full-width-sep\" style=\"align-self: center;margin-left: auto;margin-right: auto;margin-bottom:10px;width:100%;\"><\/div><div class=\"fusion-text fusion-text-3\" style=\"--awb-content-alignment:left;\"><style type=\"text\/css\">#nex-forms{display:none;}<\/style><div id=\"nf_form_87738\">\r\n\t\t\t\r\n\t\t\t<style type=\"text\/css\">\r\n\t\t\t\r\n\t\t\t\t#nex-forms.contacto_es .nf-loader-lds-spinner div:after {background: #40C4FF; }\r\n\t\t\t\t#nex-forms.contacto_es .nf-loader-lds-grid div {background: #40C4FF; }\r\n\t\t\t\t#nex-forms.contacto_es .nf-loader-lds-ellipsis div { background: #40C4FF;}\r\n\t\t\t\t#nex-forms.contacto_es .nf-loader-lds-default div {background: #40C4FF;}\r\n\t\t\t\t#nex-forms.contacto_es .nf-loader-lds-roller div:after {background: #40C4FF;}\r\n\t\t\t\t#nex-forms.contacto_es .nf-loader-lds-heart div,\r\n\t\t\t\t#nex-forms.contacto_es .nf-loader-lds-heart div:after,\r\n\t\t\t\t#nex-forms.contacto_es .nf-loader-lds-heart div:before {background: #40C4FF;}\r\n\t\r\n\t\t\t\t\r\n\t\t\t\t#nex-forms.contacto_es .nf-loader-lds-facebook div {background: #40C4FF;}\r\n\t\t\t\t#nex-forms.contacto_es .nf-loader-lds-circle > div {background: #40C4FF;}\r\n\t\t\t\t\r\n\t\t\t\t#nex-forms.contacto_es .nf-loader-lds-dual-ring:after {border: 6px solid #40C4FF;border-color: #40C4FF transparent #40C4FF transparent;}\r\n\t\t\t\t#nex-forms.contacto_es .nf-loader-lds-ring div {border: 8px solid #40C4FF;border-color: #40C4FF transparent transparent transparent;}\r\n\t\t\t\t#nex-forms.contacto_es .nf-loader-lds-hourglass:after {border: 32px solid #40C4FF;border-color: #40C4FF transparent #40C4FF transparent;}\r\n\t\t\t\t#nex-forms.contacto_es .nf-loader-lds-ripple div {border: 4px solid #40C4FF;}\r\n\t\t\t<\/style>\r\n\t\t\t\r\n\t\t\t\r\n\t\t\t<div id=\"nex-forms\" data-loader=\"ellipsis\" data-msg-hide-form=\"yes\" data-msg-position=\"top\" data-msg-placement=\"outside\"  class=\"nex-forms contacto_es  \"><div class=\"pre_fill_fields\"><\/div><div class=\"set_form_theme theme-gray\"><div class=\"nex_success_message msg_top msgv2 animated hidden\" style=\"display:none;\"><div class=\"nex_success_message_container\" style=\"background: #fff; box-shadow: rgba(0, 0, 0, 0.2) 0px 7px 16px 0px; border-radius: 4px; padding: 30px; border-color:#ddd;\"><div class=\"msg_text\"><div class=\"form_field all_fields icon html_fields wow bounceInUp\" data-settings=\".s-icon\" data-settings-tabs=\"#input-settings, #animation-settings\" style=\"margin-bottom: 15px;\" id=\"_21501\" data-animation-name=\"bounceInUp\">\n\t\t\t\t\t\t\t  <div class=\"edit_mask\"><\/div>\n\t\t\t\t\t\t\t  \n\t\t\t\t\t\t\t\t<div class=\"icon_container_wrapper icon_center\">\n\t\t\t\t\t\t\t\t  <div class=\"icon_container\" id=\"field_container\" style=\"border-width: 0px; background-color: transparent;\">\n\t\t\t\t\t\t\t\t\t<div class=\"\">\n\t\t\t\t\t\t\t\t\t  <div class=\"input_container\">\n\t\t\t\t\t\t\t\t\t\t<div class=\"the_input_element icon_element\" style=\"font-size: 50px; color: rgb(139, 195, 74);\"><span class=\"fas fa-check-circle\"><\/span><\/div>\n\t\t\t\t\t\t\t\t\t  <\/div>\n\t\t\t\t\t\t\t\t\t<\/div>\n\t\t\t\t\t\t\t\t  <\/div>\n\t\t\t\t\t\t\t\t  \n\t\t\t\t\t\t\t\t<\/div>\n\t\t\t\t\t\t\t  \n\t\t\t\t\t\t\t<\/div>\n\t\t\t\t\t\t\t<div class=\"form_field all_fields html html_fields wow fadeInDown\" data-settings=\".s-html\" data-settings-tabs=\"#input-settings, #animation-settings, #extra-settings, #math-settings\" style=\"margin-bottom: 15px;\" data-animation-name=\"fadeInDown\" data-wow-delay=\"0.5s\">\n\t\t\t\t\t\t\t  <div class=\"edit_mask\"><\/div>\n\t\t\t\t\t\t\t  \n\t\t\t\t\t\t\t\t<div class=\"row\">\n\t\t\t\t\t\t\t\t  <div class=\"col-sm-12\" id=\"field_container\">\n\t\t\t\t\t\t\t\t\t<div class=\"row\">\n\t\t\t\t\t\t\t\t\t  <div class=\"col-sm-12 input_container\">\n\t\t\t\t\t\t\t\t\t\t<div class=\"the_input_element align_center\" data-math-equation=\"\" data-original-math-equation=\"\" data-decimal-places=\"0\">Gracias por conectar con nosotros. En breve te responderemos.<\/div>\n\t\t\t\t\t\t\t\t\t\t<div style=\"clear:both;\"><\/div>\n\t\t\t\t\t\t\t\t\t  <\/div>\n\t\t\t\t\t\t\t\t\t<\/div>\n\t\t\t\t\t\t\t\t  <\/div>\n\t\t\t\t\t\t\t\t  \n\t\t\t\t\t\t\t\t<\/div>\n\t\t\t\t\t\t\t  \n\t\t\t\t\t\t\t<\/div><\/div><\/div><\/div><div data-timer-start=\"1\" data-timer-end=\"0\" class=\"inner-canvas-container ui-nex-forms-container ui-nex-forms-container-fe  m_design\" id=\"ui-nex-forms-container-28\"  ><div class=\"current_step\" style=\"display:none;\">1<\/div><div class=\"last_visited_step\" style=\"display:none;\">1<\/div><div class=\"nex-forms-header-footer nex-forms-header timer_inline timer_right \"><div class=\"bc-outer-container \"><div style=\"\" class=\"nf_ms_breadcrumb  bc-gutter-20 bc-top bc-solid bc-connected bc-unfolded pilled \">\n\t\t\t\t\t\t\t\t\t\t<ul class=\"the_br  align_left pilled  md-color-light-blue\" data-align-crumb=\"align_left\" data-text-pos=\"text-bottom\" data-breadcrumb-type=\"pilled\" data-theme=\"light-blue\" data-show-front-end=\"yes\" data-show-inside=\"no\">\n\t\t\t\t\t\t\t\t\t\t\n\t\t\t\t\t\t\t\t\t\t\n\t\t\t\t\t\t\t\t\t\t\n\t\t\t\t\t\t\t\t\t\t\n\t\t\t\t\t\t\t\t\t\n\t\t\t\t\t\t\t\t\t\n\t\t\t\t\t\t\t\t\t\n\t\t\t\t\t\t\t\t\t\n\t\t\t\t\t\t\t\t\t\n\t\t\t\t\t\t\t\t\t\n\t\t\t\t\t\t\t\t\t\n\t\t\t\t\t\t\t\t\t\n\t\t\t\t\t\t\t\t\t\n\t\t\t\t\t\t\t\t\t\n\t\t\t\t\t\t\t\t\t\n\t\t\t\t\t\t\t\t\t\n\t\t\t\t\t\t\t\t\t\n\t\t\t\t\t\t\t\t\t\n\t\t\t\t\t\t\t\t\t\n\t\t\t\t\t\t\t\t\t\n\t\t\t\t\t\t\t\t\t\n\t\t\t\t\t\t\t\t\t\n\t\t\t\t\t\t\t\t\t\n\t\t\t\t\t\t\t\t\t\n\t\t\t\t\t\t\t\t\t\n\t\t\t\t\t\t\t\t\t\n\t\t\t\t\t\t\t\t\t\n\t\t\t\t\t\t\t\t\t\n\t\t\t\t\t\t\t\t\t\n\t\t\t\t\t\t\t\t\t\n\t\t\t\t\t\t\t\t\t\n\t\t\t\t\t\t\t\t\t\n\t\t\t\t\t\t\t\t\t\n\t\t\t\t\t\t\t\t\t\n\t\t\t\t\t\t\t\t\t\n\t\t\t\t\t\t\t\t\t\n\t\t\t\t\t\t\t\t\t\n\t\t\t\t\t\t\t\t\t\n\t\t\t\t\t\t\t\t\t\n\t\t\t\t\t\t\t\t\t\n\t\t\t\t\t\t\t\t\t\n\t\t\t\t\t\t\t\t\t\n\t\t\t\t\t\t\t\t\t\n\t\t\t\t\t\t\t\t\t\n\t\t\t\t\t\t\t\t\t\n\t\t\t\t\t\t\t\t\t\n\t\t\t\t\t\t\t\t\t\n\t\t\t\t\t\t\t\t\t\n\t\t\t\t\t\t\t\t\t\t\n\t\t\t\t\t\t\t\t\t\t\n\t\t\t\t\t\t\t\t\t\t\n\t\t\t\t\t\t\t\t\t\t<\/ul>\n\t\t\t\t\t\t\t\t\t\t<div class=\"nf_progressbar the_br\" style=\"display:none;\" data-text-pos=\"text-bottom\" data-breadcrumb-type=\"pilled\" data-theme=\"light-blue\" data-show-front-end=\"yes\" data-show-inside=\"no\">\n\t\t\t\t\t\t\t\t\t\t\t<div class=\"nf_progressbar_percentage md-color-light-blue\" style=\"width:5%;\">\n\t\t\t\t\t\t\t\t\t\t\t\t<span>0%<\/span>\n\t\t\t\t\t\t\t\t\t\t\t<\/div>\n\t\t\t\t\t\t\t\t\t\t<\/div>\n\t\t\t\t\t\t\t\t\t\t\n\t\t\t\t\t\t\t\t\t\t<div style=\"clear:both\"><\/div>\n\t\t\t\t\t\t\t\t\t<\/div><\/div><\/div><div id=\"the_plugin_url\" style=\"display:none;\">https:\/\/froca.cat\/wp-content\/plugins\/nex-forms-express-wp-form-builder<\/div><div id=\"nf_save_form_progress\" style=\"display:none;\">false<\/div><div class=\"hidden\" id=\"nf_ajax_url\" style=\"display:none;\">https:\/\/froca.cat\/wp-admin\/admin-ajax.php<\/div><div class=\"hidden\" id=\"paypal_return_url\" style=\"display:none;\">https:\/\/froca.cat\/es\/wp-json\/wp\/v2\/pages\/59406\/<\/div><div class=\"hidden\" id=\"ms_scroll_to_top\" style=\"display:none;\">yes<\/div><div class=\"v7_container form_type_normal   \" style=\"border-color: rgb(46, 46, 46); background: rgba(0, 0, 0, 0); border-width: 0px; margin-left: 0px;\"><div class=\"current_field_on_focus\" style=\"display:none\">1<\/div><form id=\"28\" class=\"submit-nex-form nex-forms-28\" data-form-id=\"28\" name=\"nex_form\" action=\"https:\/\/froca.cat\/wp-admin\/admin-ajax.php\" method=\"post\" enctype=\"multipart\/form-data\"><div class=\"step_transition_in\" style=\"display:none;\">fadeIn<\/div><div class=\"step_transition_out\" style=\"display:none;\">fadeOut<\/div><input type=\"hidden\" name=\"nex_forms_Id\" value=\"28\"><input type=\"hidden\" name=\"ip\" value=\"216.73.216.116\"><input type=\"hidden\" name=\"nf_page_id\" value=\"59406\"><input type=\"hidden\" name=\"nf_page_title\" value=\"CONTACTO\"><input type=\"text\" name=\"company_url\" value=\"\" placeholder=\"enter company url\" class=\"form-control req\">\n\t\t\t\t\t\t\t<div class=\"form_field hidden bootstrap_field\" id=\"_68305\" style=\"\">\n\t\t\t\t\t\t\t\t<input class=\"ms_current_step\" value=\"1\" name=\"ms_current_step\" type=\"hidden\">\n\t\t\t\t\t\t\t<\/div>\n\t\t\t\t\t\t\t<div class=\"form_field all_fields preset_fields required is_focused none bootstrap_field\" data-settings=\".s-text, .s-v-text\" id=\"_83538\" data-settings-tabs=\"#label-settings, #input-settings, #validation-settings, #animation-settings, #extra-settings\" draggable=\"false\" style=\"margin-bottom: 18px;\"><div class=\"row\"><div class=\"col-sm-12\" id=\"field_container\"><div class=\"row\"><div class=\"input_container col-sm-12\"><input name=\"name\" class=\"error_message required form-control the_input_element aling_left style_bold none\" data-onfocus-color=\"#66AFE9\" data-drop-focus-swadow=\"1\" data-placement=\"bottom\" data-content=\"Required\" title=\"\" data-secondary-message=\"Invalid email address\" type=\"text\" value=\"\" data-value=\"\" style=\"font-size: 17px; color: rgb(40, 40, 40);\" placeholder=\"NOMBRE*\"><\/div><\/div><\/div><\/div><\/div><div class=\"form_field all_fields email preset_fields required bootstrap_field\" data-settings=\".s-text, .s-v-text\" id=\"_36733\" data-settings-tabs=\"#label-settings, #input-settings, #validation-settings, #animation-settings, #extra-settings\" draggable=\"false\" style=\"margin-bottom: 18px;\"><div class=\"row\"><div class=\"col-sm-12\" id=\"field_container\"><div class=\"row\"><div class=\"input_container col-sm-12\"><input name=\"email\" class=\"error_message required email form-control the_input_element aling_left style_bold\" data-onfocus-color=\"#66AFE9\" data-drop-focus-swadow=\"1\" data-placement=\"bottom\" data-content=\"Required\" title=\"\" data-secondary-message=\"Invalid email address\" type=\"text\" value=\"\" data-value=\"\" style=\"font-size: 17px; color: rgb(40, 40, 40);\" placeholder=\"EMAIL*\"><\/div><\/div><\/div><\/div><\/div><div class=\"form_field all_fields phone_number preset_fields is_focused bootstrap_field\" data-settings=\".s-text, .s-v-text\" id=\"_25505\" data-settings-tabs=\"#label-settings, #input-settings, #validation-settings, #animation-settings, #extra-settings\" draggable=\"false\" style=\"margin-bottom: 18px;\"><div class=\"row\"><div class=\"col-sm-12\" id=\"field_container\"><div class=\"row\"><div class=\"input_container col-sm-12\"><input name=\"phone_number\" class=\"error_message phone_number form-control the_input_element aling_left style_bold\" data-onfocus-color=\"#66AFE9\" data-drop-focus-swadow=\"1\" data-placement=\"bottom\" data-content=\"Required\" title=\"\" data-secondary-message=\"Invalid phone number\" type=\"text\" value=\"\" data-value=\"\" style=\"font-size: 17px; color: rgb(40, 40, 40);\" placeholder=\"TEL\u00c9FONO\"><\/div><\/div><\/div><\/div><\/div><div class=\"form_field all_fields text common_fields is_focused bootstrap_field\" data-settings=\".s-text, .s-v-text\" style=\"z-index: 1000000; margin-bottom: 18px;\" id=\"_18355\" data-settings-tabs=\"#label-settings, #input-settings, #validation-settings, #animation-settings, #extra-settings\" draggable=\"false\"><div class=\"row\"><div class=\"col-sm-12\" id=\"field_container\"><div class=\"row\"><div class=\"input_container col-sm-12\"><input type=\"text\" name=\"nom_centre\" class=\"form-control error_message the_input_element aling_left style_bold\" data-maxlength-color=\"label label-success\" data-maxlength-position=\"bottom\" data-maxlength-show=\"false\" data-default-value=\"\" data-onfocus-color=\"#66AFE9\" data-drop-focus-swadow=\"1\" data-placement=\"bottom\" data-content=\"Required\" data-secondary-message=\"\" title=\"\" value=\"\" data-value=\"\" style=\"font-size: 17px; color: rgb(40, 40, 40);\" placeholder=\"NOMBRE DEL CENTRO\"><\/div><\/div><\/div><\/div><\/div><div class=\"form_field all_fields text common_fields is_focused bootstrap_field\" data-settings=\".s-text, .s-v-text\" style=\"position: relative; top: 0px; left: 0px; z-index: 1000000; margin-bottom: 18px;\" id=\"_52323\" data-settings-tabs=\"#label-settings, #input-settings, #validation-settings, #animation-settings, #extra-settings\" draggable=\"false\"><div class=\"row\"><div class=\"col-sm-12\" id=\"field_container\"><div class=\"row\"><div class=\"input_container col-sm-12\"><input type=\"text\" name=\"poblacio\" class=\"form-control error_message the_input_element aling_left style_bold\" data-maxlength-color=\"label label-success\" data-maxlength-position=\"bottom\" data-maxlength-show=\"false\" data-default-value=\"\" data-onfocus-color=\"#66AFE9\" data-drop-focus-swadow=\"1\" data-placement=\"bottom\" data-content=\"Required\" data-secondary-message=\"\" title=\"\" value=\"\" data-value=\"\" style=\"font-size: 17px; color: rgb(40, 40, 40);\" placeholder=\"POBLACI\u00d3N\"><\/div><\/div><\/div><\/div><\/div><div class=\"form_field all_fields textarea common_fields the_clone required is_focused bootstrap_field\" data-settings=\".s-text, .s-texarea, .s-v-text\" data-settings-tabs=\"#label-settings, #input-settings, #validation-settings, #animation-settings, #extra-settings\" style=\"margin-bottom: 18px;\" draggable=\"false\" id=\"_69294\"><div class=\"row\"><div class=\"col-sm-12\" id=\"field_container\"><div class=\"row\"><div class=\"input_container col-sm-12\"><textarea name=\"missatge\" placeholder=\"MENSAJE*\" data-maxlength-color=\"label label-success\" data-maxlength-position=\"bottom\" data-maxlength-show=\"false\" data-default-value=\"\" class=\"error_message the_input_element textarea pre-format form-control aling_left style_bold align_left required\" data-onfocus-color=\"#66AFE9\" data-drop-focus-swadow=\"1\" data-placement=\"bottom\" data-content=\"Required\" title=\"\" style=\"font-size: 17px; color: rgb(40, 40, 40); background: rgb(255, 255, 255); border-color: rgb(221, 221, 221);\" value=\"\" data-value=\"\"><\/textarea><\/div><\/div><\/div><\/div><\/div><div class=\"form_field all_fields check-group common_fields selection_fields required bootstrap_field radio-group\" data-settings=\".s-checks\" data-settings-tabs=\"#label-settings, #input-settings, #validation-settings, #animation-settings, #extra-settings\" style=\"margin-bottom: 18px;\" draggable=\"false\" id=\"_84316\"><div class=\"row\"><div class=\"col-sm-12\" id=\"field_container\"><div class=\"row\"><div class=\"input_holder radio-group\"><div class=\"the-radios input_container error_message col-sm-12\" id=\"the-radios\" data-checked-color=\"alert-success\" data-checked-class=\"fa-check\" data-unchecked-class=\"\" data-placement=\"bottom\" data-content=\"Required\" title=\"\" data-layout=\"\"><div class=\"input-inner\"><label class=\"checkbox-inline radio-inline\" for=\"he_le\u00eddo_y_acepto_la_cl\u00e1usula_de_informaci\u00f3n_sobre_protecci\u00f3n_de_datos_y_autorizo_\u200b\u200ba_froca_para_que_me_env\u00ede_su_newsletter_y_comunicaciones_comerciales\"><span class=\"has-pretty-child\"><div class=\"clearfix prettycheckbox labelright blue has-pretty-child\"><input class=\"check the_input_element\" type=\"checkbox\" name=\"check_boxes_[]\" id=\"he_le\u00eddo_y_acepto_la_cl\u00e1usula_de_informaci\u00f3n_sobre_protecci\u00f3n_de_datos_y_autorizo_\u200b\u200ba_froca_para_que_me_env\u00ede_su_newsletter_y_comunicaciones_comerciales\" value=\"He le\u00eddo y acepto la Cl\u00e1usula de informaci\u00f3n sobre protecci\u00f3n de datos y autorizo \u200b\u200ba \" style=\"display: none;\"><a class=\"fa ui-state-default\"><\/a><\/div><span class=\"input-label check-label\">He le\u00eddo y acepto la Cl\u00e1usula de informaci\u00f3n sobre protecci\u00f3n de datos y autorizo \u200b\u200ba \"F.ROCA\" para que me env\u00ede su newsletter y comunicaciones comerciales.<\/span><\/span><\/label><\/div><\/div><\/div><\/div><\/div><\/div><\/div><div class=\"form_field all_fields submit-button the_submit button_fields common_fields preset_fields special_fields selection_fields bootstrap_field\" id=\"_75809\" style=\"position: relative; top: 0px; left: 0px; margin-bottom: 18px;\" data-settings-tabs=\"#input-settings, #animation-settings, #extra-settings\" data-settings=\".s-submit\" draggable=\"false\"><div class=\"row\"><div class=\"col-sm-12\" id=\"field_container\"><div class=\"row\"><div class=\"col-sm-12 input_container\"><button class=\"nex-submit svg_ready the_input_element btn btn-default\" data-ga=\"\" style=\"background-color: rgb(255, 255, 255); font-family: Poppins; color: rgb(0, 0, 0); font-size: 17px;\">ENVIAR<\/button><\/div><\/div><\/div><\/div><\/div><link id=\"poppins\" type=\"text\/css\" role=\"google-font-import\" rel=\"stylesheet\" href=\"https:\/\/fonts.googleapis.com\/css?family=Poppins\" class=\"\" style=\"\">Powered by <a href=\"https:\/\/basixonline.net\/nex-forms\/pricing\/?utm_source=wordpress_fs&amp;utm_medium=upgrade&amp;utm_content=ui\" target=\"_blank\" rel=\"noopener\">NEX-Forms<\/a><\/form><\/div><\/div><\/div><\/div><\/div><style type=\"text\/css\" class=\"nex-forms-custom-css\"><\/style>\n<\/div><\/div><\/div><\/div><\/div><\/div><\/div><\/div><div class=\"fusion-fullwidth fullwidth-box fusion-builder-row-2 fusion-flex-container nonhundred-percent-fullwidth non-hundred-percent-height-scrolling\" style=\"--awb-border-radius-top-left:0px;--awb-border-radius-top-right:0px;--awb-border-radius-bottom-right:0px;--awb-border-radius-bottom-left:0px;--awb-padding-top:0px;--awb-padding-bottom:0px;--awb-margin-top:0px;--awb-margin-bottom:0px;--awb-background-color:rgba(219,219,219,0.99);--awb-flex-wrap:wrap;\" ><div class=\"fusion-builder-row fusion-row fusion-flex-align-items-flex-start fusion-flex-content-wrap\" style=\"max-width:calc( 1400px + 0px );margin-left: calc(-0px \/ 2 );margin-right: calc(-0px \/ 2 );\"><div class=\"fusion-layout-column fusion_builder_column fusion-builder-column-1 fusion_builder_column_1_1 1_1 fusion-flex-column\" style=\"--awb-padding-top:0px;--awb-padding-right:10%;--awb-padding-bottom:5%;--awb-padding-left:10%;--awb-bg-color:#ffffff;--awb-bg-color-hover:#ffffff;--awb-bg-size:cover;--awb-width-large:100%;--awb-margin-top-large:0px;--awb-spacing-right-large:0px;--awb-margin-bottom-large:0px;--awb-spacing-left-large:0px;--awb-width-medium:100%;--awb-spacing-right-medium:0px;--awb-spacing-left-medium:0px;--awb-width-small:100%;--awb-spacing-right-small:0px;--awb-spacing-left-small:0px;\"><div class=\"fusion-column-wrapper fusion-column-has-shadow fusion-flex-justify-content-flex-start fusion-content-layout-column\"><div class=\"fusion-builder-row fusion-builder-row-inner fusion-row fusion-flex-align-items-flex-start fusion-flex-content-wrap\" style=\"width:calc( 100% + 0px ) !important;max-width:calc( 100% + 0px ) !important;margin-left: calc(-0px \/ 2 );margin-right: calc(-0px \/ 2 );\"><div class=\"fusion-layout-column fusion_builder_column_inner fusion-builder-nested-column-2 fusion_builder_column_inner_1_1 1_1 fusion-flex-column\" style=\"--awb-bg-size:cover;--awb-width-large:100%;--awb-margin-top-large:0px;--awb-spacing-right-large:0px;--awb-margin-bottom-large:20px;--awb-spacing-left-large:0px;--awb-width-medium:100%;--awb-spacing-right-medium:0px;--awb-spacing-left-medium:0px;--awb-width-small:100%;--awb-spacing-right-small:0px;--awb-spacing-left-small:0px;\"><div class=\"fusion-column-wrapper fusion-column-has-shadow fusion-flex-justify-content-flex-start fusion-content-layout-column\"><div class=\"fusion-title title fusion-title-2 fusion-sep-none fusion-title-text fusion-title-size-two\" style=\"--awb-text-color:#32173c;--awb-font-size:30px;\" id=\"underline-titles\"><h2 class=\"fusion-title-heading title-heading-left fusion-responsive-typography-calculated\" style=\"margin:0;font-size:1em;--fontSize:30;line-height:1.0;\">LOCALIZACI\u00d3N<\/h2><\/div><div class=\"fusion-separator fusion-full-width-sep\" style=\"align-self: center;margin-left: auto;margin-right: auto;margin-bottom:20px;width:100%;\"><\/div><iframe class=\"fusion-hidden\" data-privacy-type=\"gmaps\" src=\"\" data-privacy-src=\"https:\/\/www.google.com\/maps\/embed?pb=!1m18!1m12!1m3!1d2993.2309822958355!2d2.1716579154259112!3d41.39078987926391!2m3!1f0!2f0!3f0!3m2!1i1024!2i768!4f13.1!3m3!1m2!1s0x12a4a2f01f103df1%3A0xcc3930d62a0b5199!2sCarrer%20del%20Bruc%2C%2021%2C%201a%2C%2008010%20Barcelona!5e0!3m2!1ses!2ses!4v1591804655223!5m2!1ses!2ses\" width=\"100%\" height=\"300\" frameborder=\"0\" style=\"border:0;\" allowfullscreen=\"\" aria-hidden=\"false\" tabindex=\"0\"><\/iframe><div class=\"fusion-privacy-placeholder\" style=\"width:100%; height:300px;\" data-privacy-type=\"gmaps\"><div class=\"fusion-privacy-placeholder-content\"><div class=\"fusion-privacy-label\">Por razones de privacidad Google Maps necesita tu permiso para cargarse. Para m\u00e1s detalles, por favor consulta nuestra <a class=\"privacy-policy-link\" href=\"https:\/\/froca.cat\/politica-privacitat\/\" rel=\"privacy-policy\">POL\u00cdTICA DE PRIVACITAT<\/a>.<\/div><button data-privacy-type=\"gmaps\" class=\"fusion-button button-default fusion-button-default-size button fusion-privacy-consent\">I Accept<\/button><\/div><\/div><div class=\"fusion-separator fusion-full-width-sep\" style=\"align-self: center;margin-left: auto;margin-right: auto;margin-bottom:20px;width:100%;\"><\/div><div class=\"fusion-text fusion-text-4\" style=\"--awb-content-alignment:left;\"><p>c\/ Bruc, 21, Pral. 3a, 08010 Barcelona<\/p>\n<p>Tel: <a href=\"tel: 936 741 122\">936 741 122<\/a><\/p>\n<p><a href=\"mailto:froca@froca.cat\">froca@froca.cat<\/a><\/p>\n<\/div><\/div><\/div><\/div><\/div><\/div><\/div><\/div><\/p>\n","protected":false},"excerpt":{"rendered":"","protected":false},"author":1,"featured_media":0,"parent":0,"menu_order":0,"comment_status":"closed","ping_status":"closed","template":"100-width.php","meta":{"footnotes":""},"class_list":["post-59406","page","type-page","status-publish","hentry"],"_links":{"self":[{"href":"https:\/\/froca.cat\/es\/wp-json\/wp\/v2\/pages\/59406","targetHints":{"allow":["GET"]}}],"collection":[{"href":"https:\/\/froca.cat\/es\/wp-json\/wp\/v2\/pages"}],"about":[{"href":"https:\/\/froca.cat\/es\/wp-json\/wp\/v2\/types\/page"}],"author":[{"embeddable":true,"href":"https:\/\/froca.cat\/es\/wp-json\/wp\/v2\/users\/1"}],"replies":[{"embeddable":true,"href":"https:\/\/froca.cat\/es\/wp-json\/wp\/v2\/comments?post=59406"}],"version-history":[{"count":5,"href":"https:\/\/froca.cat\/es\/wp-json\/wp\/v2\/pages\/59406\/revisions"}],"predecessor-version":[{"id":85575,"href":"https:\/\/froca.cat\/es\/wp-json\/wp\/v2\/pages\/59406\/revisions\/85575"}],"wp:attachment":[{"href":"https:\/\/froca.cat\/es\/wp-json\/wp\/v2\/media?parent=59406"}],"curies":[{"name":"wp","href":"https:\/\/api.w.org\/{rel}","templated":true}]}}