{"id":59841,"date":"2020-06-25T11:22:02","date_gmt":"2020-06-25T11:22:02","guid":{"rendered":"https:\/\/froca.cat\/blog\/"},"modified":"2024-11-18T15:51:25","modified_gmt":"2024-11-18T15:51:25","slug":"blog","status":"publish","type":"page","link":"https:\/\/froca.cat\/es\/blog\/","title":{"rendered":"BLOG"},"content":{"rendered":"<div id=\"ez-toc-container\" class=\"ez-toc-v2_0_82_2 counter-hierarchy ez-toc-counter ez-toc-grey ez-toc-container-direction\">\n<p class=\"ez-toc-title\" style=\"cursor:inherit\">Tabla de contenidos<\/p>\n<label for=\"ez-toc-cssicon-toggle-item-69f31beb607e4\" class=\"ez-toc-cssicon-toggle-label\"><span class=\"\"><span class=\"eztoc-hide\" style=\"display:none;\">Toggle<\/span><span class=\"ez-toc-icon-toggle-span\"><svg style=\"fill: #999;color:#999\" xmlns=\"http:\/\/www.w3.org\/2000\/svg\" class=\"list-377408\" width=\"20px\" height=\"20px\" viewBox=\"0 0 24 24\" fill=\"none\"><path d=\"M6 6H4v2h2V6zm14 0H8v2h12V6zM4 11h2v2H4v-2zm16 0H8v2h12v-2zM4 16h2v2H4v-2zm16 0H8v2h12v-2z\" fill=\"currentColor\"><\/path><\/svg><svg style=\"fill: #999;color:#999\" class=\"arrow-unsorted-368013\" xmlns=\"http:\/\/www.w3.org\/2000\/svg\" width=\"10px\" height=\"10px\" viewBox=\"0 0 24 24\" version=\"1.2\" baseProfile=\"tiny\"><path d=\"M18.2 9.3l-6.2-6.3-6.2 6.3c-.2.2-.3.4-.3.7s.1.5.3.7c.2.2.4.3.7.3h11c.3 0 .5-.1.7-.3.2-.2.3-.5.3-.7s-.1-.5-.3-.7zM5.8 14.7l6.2 6.3 6.2-6.3c.2-.2.3-.5.3-.7s-.1-.5-.3-.7c-.2-.2-.4-.3-.7-.3h-11c-.3 0-.5.1-.7.3-.2.2-.3.5-.3.7s.1.5.3.7z\"\/><\/svg><\/span><\/span><\/label><input type=\"checkbox\"  id=\"ez-toc-cssicon-toggle-item-69f31beb607e4\"  aria-label=\"Alternar\" \/><nav><ul class='ez-toc-list ez-toc-list-level-1 ' ><li class='ez-toc-page-1 ez-toc-heading-level-2'><a class=\"ez-toc-link ez-toc-heading-1\" href=\"https:\/\/froca.cat\/es\/comida-y-alimentos-ecologicos\/#Metodos_agricolas\" >M\u00e9todos agr\u00edcolas<\/a><\/li><li class='ez-toc-page-1 ez-toc-heading-level-2'><a class=\"ez-toc-link ez-toc-heading-2\" href=\"https:\/\/froca.cat\/es\/comida-y-alimentos-ecologicos\/#Abonos_y_plaguicidas\" >Abonos y plaguicidas<\/a><\/li><li class='ez-toc-page-1 ez-toc-heading-level-2'><a class=\"ez-toc-link ez-toc-heading-3\" href=\"https:\/\/froca.cat\/es\/comida-y-alimentos-ecologicos\/#Beneficios_principales_de_apostar_por_los_alimentos_ecologicos\" >Beneficios principales de apostar por los alimentos ecol\u00f3gicos<\/a><ul class='ez-toc-list-level-3' ><li class='ez-toc-heading-level-3'><a class=\"ez-toc-link ez-toc-heading-4\" href=\"https:\/\/froca.cat\/es\/comida-y-alimentos-ecologicos\/#Principales_beneficios_de_los_alimentos_ecologicos_PARA_EL_CONSUMIDOR\" >Principales beneficios de los alimentos ecol\u00f3gicos\u00a0PARA EL CONSUMIDOR<\/a><\/li><li class='ez-toc-page-1 ez-toc-heading-level-3'><a class=\"ez-toc-link ez-toc-heading-5\" href=\"https:\/\/froca.cat\/es\/comida-y-alimentos-ecologicos\/#Principales_beneficios_de_los_alimentos_ecologicos_PARA_EL_PLANETA\" >Principales beneficios de los alimentos ecol\u00f3gicos PARA EL PLANETA<\/a><\/li><\/ul><\/li><li class='ez-toc-page-1 ez-toc-heading-level-2'><a class=\"ez-toc-link ez-toc-heading-6\" href=\"https:\/\/froca.cat\/es\/comida-y-alimentos-ecologicos\/#%C2%BFComo_podemos_colaborar_en_la_promocion_de_productos_ecologicos_respetuosos_con_medio_ambiente\" >\u00bfC\u00f3mo podemos colaborar en la promoci\u00f3n de productos ecol\u00f3gicos respetuosos con medio ambiente?<\/a><\/li><\/ul><\/nav><\/div>\n<div class=\"fusion-fullwidth fullwidth-box fusion-builder-row-1 fusion-flex-container nonhundred-percent-fullwidth non-hundred-percent-height-scrolling\" style=\"--awb-border-radius-top-left:0px;--awb-border-radius-top-right:0px;--awb-border-radius-bottom-right:0px;--awb-border-radius-bottom-left:0px;--awb-margin-top:30px;--awb-margin-bottom:4%;--awb-flex-wrap:wrap;\" ><div class=\"fusion-builder-row fusion-row fusion-flex-align-items-flex-start fusion-flex-content-wrap\" style=\"max-width:calc( 1400px + 0px );margin-left: calc(-0px \/ 2 );margin-right: calc(-0px \/ 2 );\"><div class=\"fusion-layout-column fusion_builder_column fusion-builder-column-0 fusion_builder_column_1_1 1_1 fusion-flex-column\" style=\"--awb-bg-size:cover;--awb-width-large:100%;--awb-margin-top-large:0px;--awb-spacing-right-large:0px;--awb-margin-bottom-large:20px;--awb-spacing-left-large:0px;--awb-width-medium:100%;--awb-spacing-right-medium:0px;--awb-spacing-left-medium:0px;--awb-width-small:100%;--awb-spacing-right-small:0px;--awb-spacing-left-small:0px;\"><div class=\"fusion-column-wrapper fusion-column-has-shadow fusion-flex-justify-content-flex-start fusion-content-layout-column\"><div class=\"fusion-title title fusion-title-1 fusion-sep-none fusion-title-text fusion-title-size-one\" style=\"--awb-text-color:#32173c;--awb-margin-top-small:10px;--awb-margin-bottom-small:10px;--awb-font-size:30px;\" id=\"underline-titles\"><h1 class=\"fusion-title-heading title-heading-left fusion-responsive-typography-calculated\" style=\"margin:0;font-size:1em;--fontSize:30;line-height:1.16;\">BLOG<\/h1><\/div><div class=\"fusion-separator fusion-full-width-sep\" style=\"align-self: center;margin-left: auto;margin-right: auto;margin-bottom:20px;width:100%;\"><\/div><div class=\"fusion-blog-shortcode fusion-blog-shortcode-1 fusion-blog-archive fusion-blog-layout-grid-wrapper fusion-blog-infinite fusion-blog-layout-center\"><style type=\"text\/css\">.fusion-blog-shortcode-1 .fusion-blog-layout-grid .fusion-post-grid{padding:7.5px;}.fusion-blog-shortcode-1 .fusion-posts-container{margin-left: -7.5px !important; margin-right:-7.5px !important;}<\/style><div class=\"fusion-posts-container fusion-posts-container-infinite fusion-no-meta-info fusion-blog-rollover fusion-blog-layout-grid fusion-blog-layout-grid-3 isotope fusion-blog-equal-heights\" data-pages=\"1\" data-grid-col-space=\"15\" style=\"margin: -7.5px -7.5px 0;min-height:500px;\"><article id=\"blog-1-post-60146\" class=\"fusion-post-grid post-60146 post type-post status-publish format-standard has-post-thumbnail hentry category-habitos-saludables\">\n<div class=\"fusion-post-wrapper\" style=\"background-color:rgba(255,255,255,0);border:1px solid #ffffff;border-bottom-width:3px;\">\n\n\t\t\t<div class=\"fusion-flexslider flexslider fusion-flexslider-loading fusion-post-slideshow\" style=\"border-color:#ffffff;\">\n\t\t<ul class=\"slides\">\n\t\t\t\n\t\t\t\t\t\t\t\t\t\t\t\t\t\t<li><div  class=\"fusion-image-wrapper\" aria-haspopup=\"true\">\n\t\t\t\t<img decoding=\"async\" width=\"1200\" height=\"768\" src=\"https:\/\/froca.cat\/wp-content\/uploads\/2021\/04\/Blog_Mihijo_no_quiere_Comer_FROCA.jpg\" class=\"attachment-full size-full lazyload wp-post-image\" alt=\"\" srcset=\"data:image\/svg+xml,%3Csvg%20xmlns%3D%27http%3A%2F%2Fwww.w3.org%2F2000%2Fsvg%27%20width%3D%271200%27%20height%3D%27768%27%20viewBox%3D%270%200%201200%20768%27%3E%3Crect%20width%3D%271200%27%20height%3D%27768%27%20fill-opacity%3D%220%22%2F%3E%3C%2Fsvg%3E\" data-orig-src=\"https:\/\/froca.cat\/wp-content\/uploads\/2021\/04\/Blog_Mihijo_no_quiere_Comer_FROCA.jpg\" data-srcset=\"https:\/\/froca.cat\/wp-content\/uploads\/2021\/04\/Blog_Mihijo_no_quiere_Comer_FROCA-200x128.jpg 200w, https:\/\/froca.cat\/wp-content\/uploads\/2021\/04\/Blog_Mihijo_no_quiere_Comer_FROCA-400x256.jpg 400w, https:\/\/froca.cat\/wp-content\/uploads\/2021\/04\/Blog_Mihijo_no_quiere_Comer_FROCA-600x384.jpg 600w, https:\/\/froca.cat\/wp-content\/uploads\/2021\/04\/Blog_Mihijo_no_quiere_Comer_FROCA-800x512.jpg 800w, https:\/\/froca.cat\/wp-content\/uploads\/2021\/04\/Blog_Mihijo_no_quiere_Comer_FROCA.jpg 1200w\" data-sizes=\"auto\" \/><div class=\"fusion-rollover\">\n\t<div class=\"fusion-rollover-content\">\n\n\t\t\t\t\n\t\t\n\t\t\t\t\t\t\t\t\t\t\t\t<h4 class=\"fusion-rollover-title\">\n\t\t\t\t\t<a class=\"fusion-rollover-title-link\" href=\"https:\/\/froca.cat\/es\/mi-hijo-no-quiere-comer-consejos-y-recomendaciones\/\">\n\t\t\t\t\t\tMi hijo no quiere comer: Consejos y recomendaciones\t\t\t\t\t<\/a>\n\t\t\t\t<\/h4>\n\t\t\t\n\t\t\t\t\t\t\t\t\n\t\t\n\t\t\t\t\t\t<a class=\"fusion-link-wrapper\" href=\"https:\/\/froca.cat\/es\/mi-hijo-no-quiere-comer-consejos-y-recomendaciones\/\" aria-label=\"Mi hijo no quiere comer: Consejos y recomendaciones\"><\/a>\n\t<\/div>\n<\/div>\n<\/div>\n<\/li>\n\t\t\t\n\t\t\t\n\t\t\t\t\t\t\t\t\t\t\t\t\t\t\t\t\t\t\t\t\t\t\t\t\t\t\t\t\t\t\t\t\t\t\t\t\t\t\t\t\t\t\t\t\t\t\t\t\t\t\t\t\t\t\t\t\t\t\t\t\t\t\t\t\t\t\t\t<\/ul>\n\t<\/div>\n\t<div class=\"fusion-post-content-wrapper\" style=\"padding:30px 25px 25px 25px; display:none;\"><div class=\"fusion-post-content post-content\"><\/div><\/div><div class=\"fusion-clearfix\"><\/div><\/div>\n<\/article>\n<article id=\"blog-1-post-59836\" class=\"fusion-post-grid post-59836 post type-post status-publish format-standard has-post-thumbnail hentry category-alimentos-ecologicos\">\n<div class=\"fusion-post-wrapper\" style=\"background-color:rgba(255,255,255,0);border:1px solid #ffffff;border-bottom-width:3px;\">\n\n\t\t\t<div class=\"fusion-flexslider flexslider fusion-flexslider-loading fusion-post-slideshow\" style=\"border-color:#ffffff;\">\n\t\t<ul class=\"slides\">\n\t\t\t\n\t\t\t\t\t\t\t\t\t\t\t\t\t\t<li><div  class=\"fusion-image-wrapper\" aria-haspopup=\"true\">\n\t\t\t\t<img decoding=\"async\" width=\"1200\" height=\"768\" src=\"https:\/\/froca.cat\/wp-content\/uploads\/2021\/03\/Blog_AlimetosEcologicos_Portada.jpg\" class=\"attachment-full size-full lazyload wp-post-image\" alt=\"\" srcset=\"data:image\/svg+xml,%3Csvg%20xmlns%3D%27http%3A%2F%2Fwww.w3.org%2F2000%2Fsvg%27%20width%3D%271200%27%20height%3D%27768%27%20viewBox%3D%270%200%201200%20768%27%3E%3Crect%20width%3D%271200%27%20height%3D%27768%27%20fill-opacity%3D%220%22%2F%3E%3C%2Fsvg%3E\" data-orig-src=\"https:\/\/froca.cat\/wp-content\/uploads\/2021\/03\/Blog_AlimetosEcologicos_Portada.jpg\" data-srcset=\"https:\/\/froca.cat\/wp-content\/uploads\/2021\/03\/Blog_AlimetosEcologicos_Portada-200x128.jpg 200w, https:\/\/froca.cat\/wp-content\/uploads\/2021\/03\/Blog_AlimetosEcologicos_Portada-400x256.jpg 400w, https:\/\/froca.cat\/wp-content\/uploads\/2021\/03\/Blog_AlimetosEcologicos_Portada-600x384.jpg 600w, https:\/\/froca.cat\/wp-content\/uploads\/2021\/03\/Blog_AlimetosEcologicos_Portada-800x512.jpg 800w, https:\/\/froca.cat\/wp-content\/uploads\/2021\/03\/Blog_AlimetosEcologicos_Portada.jpg 1200w\" data-sizes=\"auto\" \/><div class=\"fusion-rollover\">\n\t<div class=\"fusion-rollover-content\">\n\n\t\t\t\t\n\t\t\n\t\t\t\t\t\t\t\t\t\t\t\t<h4 class=\"fusion-rollover-title\">\n\t\t\t\t\t<a class=\"fusion-rollover-title-link\" href=\"https:\/\/froca.cat\/es\/comida-y-alimentos-ecologicos\/\">\n\t\t\t\t\t\tComida y alimentos ecol\u00f3gicos: Qu\u00e9 son, que beneficios tienen y c\u00f3mo podemos identificarlos.\t\t\t\t\t<\/a>\n\t\t\t\t<\/h4>\n\t\t\t\n\t\t\t\t\t\t\t\t\n\t\t\n\t\t\t\t\t\t<a class=\"fusion-link-wrapper\" href=\"https:\/\/froca.cat\/es\/comida-y-alimentos-ecologicos\/\" aria-label=\"Comida y alimentos ecol\u00f3gicos: Qu\u00e9 son, que beneficios tienen y c\u00f3mo podemos identificarlos.\"><\/a>\n\t<\/div>\n<\/div>\n<\/div>\n<\/li>\n\t\t\t\n\t\t\t\n\t\t\t\t\t\t\t\t\t\t\t\t\t\t\t\t\t\t\t\t\t\t\t\t\t\t\t\t\t\t\t\t\t\t\t\t\t\t\t\t\t\t\t\t\t\t\t\t\t\t\t\t\t\t\t\t\t\t\t\t\t\t\t\t\t\t\t\t<\/ul>\n\t<\/div>\n\t<div class=\"fusion-post-content-wrapper\" style=\"padding:30px 25px 25px 25px; display:none;\"><div class=\"fusion-post-content post-content\"><\/div><\/div><div class=\"fusion-clearfix\"><\/div><\/div>\n<\/article>\n<div class=\"fusion-clearfix\"><\/div><\/div><\/div><\/div><\/div><\/div><\/div>\n","protected":false},"excerpt":{"rendered":"","protected":false},"author":1,"featured_media":0,"parent":0,"menu_order":0,"comment_status":"closed","ping_status":"closed","template":"100-width.php","meta":{"footnotes":""},"class_list":["post-59841","page","type-page","status-publish","hentry"],"_links":{"self":[{"href":"https:\/\/froca.cat\/es\/wp-json\/wp\/v2\/pages\/59841","targetHints":{"allow":["GET"]}}],"collection":[{"href":"https:\/\/froca.cat\/es\/wp-json\/wp\/v2\/pages"}],"about":[{"href":"https:\/\/froca.cat\/es\/wp-json\/wp\/v2\/types\/page"}],"author":[{"embeddable":true,"href":"https:\/\/froca.cat\/es\/wp-json\/wp\/v2\/users\/1"}],"replies":[{"embeddable":true,"href":"https:\/\/froca.cat\/es\/wp-json\/wp\/v2\/comments?post=59841"}],"version-history":[{"count":6,"href":"https:\/\/froca.cat\/es\/wp-json\/wp\/v2\/pages\/59841\/revisions"}],"predecessor-version":[{"id":82200,"href":"https:\/\/froca.cat\/es\/wp-json\/wp\/v2\/pages\/59841\/revisions\/82200"}],"wp:attachment":[{"href":"https:\/\/froca.cat\/es\/wp-json\/wp\/v2\/media?parent=59841"}],"curies":[{"name":"wp","href":"https:\/\/api.w.org\/{rel}","templated":true}]}}