{"id":60447,"date":"2021-05-23T10:44:34","date_gmt":"2021-05-23T10:44:34","guid":{"rendered":"https:\/\/froca.cat\/?page_id=60447"},"modified":"2021-05-23T10:44:34","modified_gmt":"2021-05-23T10:44:34","slug":"compra-tiquets-online-tpv-virtual-y-otros-salvador-espriu-octubre-2020","status":"publish","type":"page","link":"https:\/\/froca.cat\/es\/compra-tiquets-online-tpv-virtual-y-otros-salvador-espriu-octubre-2020\/","title":{"rendered":"COMPRA TIQUETS ONLINE, TPV VIRTUAL Y OTROS SALVADOR ESPRIU OCTUBRE 2020"},"content":{"rendered":"<p><div class=\"fusion-fullwidth fullwidth-box fusion-builder-row-1 fusion-flex-container nonhundred-percent-fullwidth non-hundred-percent-height-scrolling\" style=\"--awb-border-radius-top-left:0px;--awb-border-radius-top-right:0px;--awb-border-radius-bottom-right:0px;--awb-border-radius-bottom-left:0px;--awb-background-color:rgba(219,219,219,0.99);--awb-flex-wrap:wrap;\" id=\"listados\" ><div class=\"fusion-builder-row fusion-row fusion-flex-align-items-flex-start fusion-flex-content-wrap\" style=\"max-width:1456px;margin-left: calc(-4% \/ 2 );margin-right: calc(-4% \/ 2 );\"><div class=\"fusion-layout-column fusion_builder_column fusion-builder-column-0 fusion_builder_column_1_1 1_1 fusion-flex-column\" style=\"--awb-padding-top:4%;--awb-padding-right:3%;--awb-padding-bottom:2%;--awb-padding-left:7%;--awb-bg-color:#ffffff;--awb-bg-color-hover:#ffffff;--awb-bg-size:cover;--awb-width-large:100%;--awb-margin-top-large:0px;--awb-spacing-right-large:1.92%;--awb-margin-bottom-large:0px;--awb-spacing-left-large:1.92%;--awb-width-medium:100%;--awb-spacing-right-medium:1.92%;--awb-spacing-left-medium:1.92%;--awb-width-small:100%;--awb-spacing-right-small:1.92%;--awb-spacing-left-small:1.92%;\"><div class=\"fusion-column-wrapper fusion-column-has-shadow fusion-flex-justify-content-flex-start fusion-content-layout-column\"><div class=\"fusion-builder-row fusion-builder-row-inner fusion-row fusion-flex-align-items-flex-start fusion-flex-content-wrap\" style=\"width:104% !important;max-width:104% !important;margin-left: calc(-4% \/ 2 );margin-right: calc(-4% \/ 2 );\"><div class=\"fusion-layout-column fusion_builder_column_inner fusion-builder-nested-column-0 fusion_builder_column_inner_1_1 1_1 fusion-flex-column\" style=\"--awb-bg-size:cover;--awb-width-large:100%;--awb-margin-top-large:0px;--awb-spacing-right-large:1.92%;--awb-margin-bottom-large:20px;--awb-spacing-left-large:1.92%;--awb-width-medium:100%;--awb-spacing-right-medium:1.92%;--awb-spacing-left-medium:1.92%;--awb-width-small:100%;--awb-spacing-right-small:1.92%;--awb-spacing-left-small:1.92%;\"><div class=\"fusion-column-wrapper fusion-column-has-shadow fusion-flex-justify-content-flex-start fusion-content-layout-column\"><div class=\"fusion-title title fusion-title-1 fusion-sep-none fusion-title-text fusion-title-size-two\" style=\"--awb-text-color:#d81b5b;--awb-font-size:30px;\"><h2 class=\"fusion-title-heading title-heading-left fusion-responsive-typography-calculated\" style=\"margin:0;font-size:1em;--fontSize:30;line-height:1.0;\">COMPRA TIQUETS ONLINE, TPV VIRTUAL Y OTROS SALVADOR ESPRIU OCTUBRE 2020<\/h2><\/div><\/div><\/div><\/div><\/div><\/div><\/div><\/div><div class=\"fusion-fullwidth fullwidth-box fusion-builder-row-2 fusion-flex-container nonhundred-percent-fullwidth non-hundred-percent-height-scrolling\" style=\"--awb-border-radius-top-left:0px;--awb-border-radius-top-right:0px;--awb-border-radius-bottom-right:0px;--awb-border-radius-bottom-left:0px;--awb-flex-wrap:wrap;\" ><div class=\"fusion-builder-row fusion-row fusion-flex-align-items-flex-start fusion-flex-content-wrap\" style=\"max-width:1456px;margin-left: calc(-4% \/ 2 );margin-right: calc(-4% \/ 2 );\"><div class=\"fusion-layout-column fusion_builder_column fusion-builder-column-1 fusion_builder_column_1_1 1_1 fusion-flex-column\" style=\"--awb-bg-size:cover;--awb-width-large:100%;--awb-margin-top-large:0px;--awb-spacing-right-large:1.92%;--awb-margin-bottom-large:20px;--awb-spacing-left-large:1.92%;--awb-width-medium:100%;--awb-order-medium:0;--awb-spacing-right-medium:1.92%;--awb-spacing-left-medium:1.92%;--awb-width-small:100%;--awb-order-small:0;--awb-spacing-right-small:1.92%;--awb-spacing-left-small:1.92%;\"><div class=\"fusion-column-wrapper fusion-column-has-shadow fusion-flex-justify-content-flex-start fusion-content-layout-column\"><div class=\"fusion-text fusion-text-1\" style=\"--awb-content-alignment:left;\"><p>Queridas familias,<\/p>\n<p>Nos complace comunicaros que ya tenemos disponible en la web de F.Roca www.froca.cat ESPACIO FAMILIAS.<\/p>\n<p>All\u00ed podr\u00e1 tramitar inscripciones, comunicar ausencias y comprar t\u00edquets comedor.<\/p>\n<p>Respecto a la compra de t\u00edquets comedor, el procedimiento es muy intuitivo. La compra se har\u00e1 por cada hijo o hija. Los m\u00e9todos de pago son o tarjeta de cr\u00e9dito o paypal. Aqu\u00ed ten\u00e9is el link para acceder:<\/p>\n<p><a href=\"https:\/\/froca.cat\/tickets\/\">https:\/\/froca.cat\/tickets\/<\/a><\/p>\n<p>Como siempre estamos a su disposici\u00f3n en nuestro tel\u00e9fono de oficina 93 674 11 22. La Vanesa o Olga les atender\u00e1n con muchas ganas.<\/p>\n<p>Tambi\u00e9n puede contactar a froca@froca.cat<\/p>\n<p>cordialmente<\/p>\n<p>\u00c0ngels Roca<\/p>\n<\/div><\/div><\/div><\/div><\/div><\/p>\n","protected":false},"excerpt":{"rendered":"","protected":false},"author":1,"featured_media":0,"parent":0,"menu_order":0,"comment_status":"closed","ping_status":"closed","template":"","meta":{"footnotes":""},"class_list":["post-60447","page","type-page","status-publish","hentry"],"_links":{"self":[{"href":"https:\/\/froca.cat\/es\/wp-json\/wp\/v2\/pages\/60447","targetHints":{"allow":["GET"]}}],"collection":[{"href":"https:\/\/froca.cat\/es\/wp-json\/wp\/v2\/pages"}],"about":[{"href":"https:\/\/froca.cat\/es\/wp-json\/wp\/v2\/types\/page"}],"author":[{"embeddable":true,"href":"https:\/\/froca.cat\/es\/wp-json\/wp\/v2\/users\/1"}],"replies":[{"embeddable":true,"href":"https:\/\/froca.cat\/es\/wp-json\/wp\/v2\/comments?post=60447"}],"version-history":[{"count":1,"href":"https:\/\/froca.cat\/es\/wp-json\/wp\/v2\/pages\/60447\/revisions"}],"predecessor-version":[{"id":60448,"href":"https:\/\/froca.cat\/es\/wp-json\/wp\/v2\/pages\/60447\/revisions\/60448"}],"wp:attachment":[{"href":"https:\/\/froca.cat\/es\/wp-json\/wp\/v2\/media?parent=60447"}],"curies":[{"name":"wp","href":"https:\/\/api.w.org\/{rel}","templated":true}]}}