{"id":80464,"date":"2024-07-22T10:46:52","date_gmt":"2024-07-22T10:46:52","guid":{"rendered":"https:\/\/froca.cat\/canal-de-denuncias\/"},"modified":"2024-09-23T11:25:26","modified_gmt":"2024-09-23T11:25:26","slug":"canal-de-denuncias","status":"publish","type":"page","link":"https:\/\/froca.cat\/es\/canal-de-denuncias\/","title":{"rendered":"Canal de Denuncias"},"content":{"rendered":"<p><div class=\"fusion-fullwidth fullwidth-box fusion-builder-row-1 fusion-flex-container nonhundred-percent-fullwidth non-hundred-percent-height-scrolling fusion-no-small-visibility\" style=\"--awb-border-radius-top-left:0px;--awb-border-radius-top-right:0px;--awb-border-radius-bottom-right:0px;--awb-border-radius-bottom-left:0px;--awb-padding-top:0px;--awb-padding-right:0px;--awb-padding-bottom:0px;--awb-padding-left:0px;--awb-margin-top:0px;--awb-margin-bottom:0px;--awb-background-color:rgba(219,219,219,0.99);--awb-flex-wrap:wrap;\" ><div class=\"fusion-builder-row fusion-row fusion-flex-align-items-flex-start fusion-flex-content-wrap\" style=\"max-width:calc( 1400px + 0px );margin-left: calc(-0px \/ 2 );margin-right: calc(-0px \/ 2 );\"><div class=\"fusion-layout-column fusion_builder_column fusion-builder-column-0 fusion_builder_column_1_1 1_1 fusion-flex-column\" style=\"--awb-padding-top:5%;--awb-padding-right:15%;--awb-padding-bottom:5%;--awb-padding-left:15%;--awb-bg-color:#ffffff;--awb-bg-color-hover:#ffffff;--awb-bg-size:cover;--awb-width-large:100%;--awb-margin-top-large:0px;--awb-spacing-right-large:0px;--awb-margin-bottom-large:0px;--awb-spacing-left-large:0px;--awb-width-medium:100%;--awb-spacing-right-medium:0px;--awb-spacing-left-medium:0px;--awb-width-small:100%;--awb-spacing-right-small:0px;--awb-spacing-left-small:0px;\"><div class=\"fusion-column-wrapper fusion-column-has-shadow fusion-flex-justify-content-flex-start fusion-content-layout-column\"><div class=\"fusion-builder-row fusion-builder-row-inner fusion-row fusion-flex-align-items-flex-start fusion-flex-content-wrap\" style=\"width:calc( 100% + 0px ) !important;max-width:calc( 100% + 0px ) !important;margin-left: calc(-0px \/ 2 );margin-right: calc(-0px \/ 2 );\"><div class=\"fusion-layout-column fusion_builder_column_inner fusion-builder-nested-column-0 fusion_builder_column_inner_1_1 1_1 fusion-flex-column\" style=\"--awb-bg-size:cover;--awb-width-large:100%;--awb-margin-top-large:0px;--awb-spacing-right-large:0px;--awb-margin-bottom-large:20px;--awb-spacing-left-large:0px;--awb-width-medium:100%;--awb-spacing-right-medium:0px;--awb-spacing-left-medium:0px;--awb-width-small:100%;--awb-spacing-right-small:0px;--awb-spacing-left-small:0px;\"><div class=\"fusion-column-wrapper fusion-column-has-shadow fusion-flex-justify-content-flex-start fusion-content-layout-column\"><div class=\"fusion-title title fusion-title-1 fusion-sep-none fusion-title-text fusion-title-size-one\" style=\"--awb-text-color:#d81b5b;--awb-font-size:36px;\"><h1 class=\"fusion-title-heading title-heading-left fusion-responsive-typography-calculated\" style=\"margin:0;font-size:1em;--fontSize:36;line-height:1.2;\"><strong><u>Canal de Denuncias<\/u><\/strong><\/h1><\/div><div class=\"fusion-separator fusion-full-width-sep\" style=\"align-self: center;margin-left: auto;margin-right: auto;margin-bottom:10px;width:100%;\"><\/div><div class=\"fusion-text fusion-text-1\" id=\"nosaltres\"><h2><strong><span class=\"TextRun SCXW185606448 BCX0\" lang=\"CA-ES\" xml:lang=\"CA-ES\" data-contrast=\"none\"><span class=\"NormalTextRun SCXW185606448 BCX0\" data-ccp-parastyle=\"heading 2\">Resumen Reglamento Canal de Denuncias<\/span><\/span><\/strong><\/h2>\n<p><span data-contrast=\"auto\">Nuestro Reglamento del Canal de Denuncias refleja el compromiso de F. ROCA, S.L con la integridad y transparencia. <\/span><\/p>\n<p><span data-contrast=\"auto\">Establecimos procedimientos claros para la presentaci\u00f3n, gesti\u00f3n y resoluci\u00f3n de denuncias relacionadas con incumplimientos \u00e9ticos o legales. <\/span><\/p>\n<p><span data-contrast=\"auto\">Protegemos la confidencialidad y los derechos tanto de los denunciantes como de los denunciados, garantizando un trato justo e imparcial. <\/span><\/p>\n<p><span data-contrast=\"auto\">Adem\u00e1s, reforzamos la seguridad de la informaci\u00f3n y promovemos una cultura de transparencia y responsabilidad. <\/span><\/p>\n<p><span data-contrast=\"auto\">Nuestro Reglamento se alinea con las legislaciones vigentes, asegurando el respeto por las normativas de protecci\u00f3n de datos y lucha contra la corrupci\u00f3n.<\/span><\/p>\n<\/div><div ><a class=\"fusion-button button-flat fusion-button-default-size button-default fusion-button-default button-1 fusion-button-default-span fusion-button-default-type\" target=\"_self\" href=\"#\" data-toggle=\"modal\" data-target=\".fusion-modal.denuncies\"><span class=\"fusion-button-text\">Puede presentar una denuncia aqu\u00ed.<\/span><\/a><\/div><div class=\"fusion-separator fusion-full-width-sep\" style=\"align-self: center;margin-left: auto;margin-right: auto;margin-bottom:30px;width:100%;\"><\/div><div class=\"fusion-modal modal fade modal-1 denuncies\" tabindex=\"-1\" role=\"dialog\" aria-labelledby=\"modal-heading-1\" aria-hidden=\"true\" style=\"--awb-border-color:#e2e2e2;--awb-background:#ffffff;\"><div class=\"modal-dialog modal-lg\" role=\"document\"><div class=\"modal-content fusion-modal-content\"><div class=\"modal-header\"><button class=\"close\" type=\"button\" data-dismiss=\"modal\" aria-hidden=\"true\" aria-label=\"Close\">&times;<\/button><h3 class=\"modal-title\" id=\"modal-heading-1\" data-dismiss=\"modal\" aria-hidden=\"true\">Puede presentar una denuncia aqu\u00ed. <\/h3><\/div><div class=\"modal-body fusion-clearfix\">\n<p><iframe style=\"height: 500px; width: 99%; border: none;\" src=\"https:\/\/forms.zohopublic.eu\/tecnolawyer\/form\/FROCACANALDENUNCIAS\/formperma\/uIJLLmxtql6EJH7JbXc4jAyTFmfHcf0g-Q7N3iBwuzE\" frameborder=\"0\" aria-label=\"CANAL DENUNCIAS\"><\/iframe><\/p>\n<\/div><div class=\"modal-footer\"><button class=\"fusion-button button-default button-medium button default medium\" type=\"button\" data-dismiss=\"modal\">Close<\/button><\/div><\/div><\/div><\/div><div class=\"fusion-text fusion-text-2\" id=\"nosaltres\"><h3><strong>\u00bfQui\u00e9n es el responsable del tratamiento de los datos personales?<\/strong><\/h3>\n<ol>\n<li><span data-contrast=\"none\"> ROCA. SL es el Responsable del tratamiento de los datos personales del Interesado y le informa que estos datos se tratar\u00e1n de conformidad con lo dispuesto en el Reglamento (UE) 2016\/679, de 27 de abril (GDPR), y la Ley Org\u00e1nica 3\/2018, de 5 de diciembre (LOPDGDD), por lo que se le facilita la siguiente informaci\u00f3n del tratamiento:<\/span><\/li>\n<\/ol>\n<h3><strong>Hasta el tratamiento, \u00bfpara qu\u00e9 tratamos sus datos personales? <\/strong><\/h3>\n<p><span data-contrast=\"none\">Para la adecuada gesti\u00f3n de nuestro sistema interno de informaci\u00f3n o canal \u00e9tico, tramitando las correspondientes irregularidades notificadas a trav\u00e9s del mismo, y decidiendo sobre la procedencia de iniciar una investigaci\u00f3n, con la manera de detectar posibles delitos y prevenir la imposici\u00f3n de cualquier tipo de responsabilidad a F. ROCA. SL, as\u00ed como para evitar cualquier tipo de conducta contraria a la normativa interna o externa de la entidad.<\/span><\/p>\n<h3><strong>Legitimaci\u00f3n del tratamiento, \u00bfpor qu\u00e9 motivo podemos tratar sus datos personales? <\/strong><\/h3>\n<p><span data-contrast=\"none\">En base a la obligaci\u00f3n legal establecida en los art\u00edculos 10 y 13 de la Ley 2\/2023, de 20 de febrero, reguladora de la protecci\u00f3n de las personas que informen sobre infracciones normativas y de lucha contra la corrupci\u00f3n, de disponer de estos sistemas internos de informaci\u00f3n (art\u00edculo 6.1.c GDPR)<\/span><\/p>\n<h3><strong>Reserva de su identidad: <\/strong><\/h3>\n<p><span data-contrast=\"none\">Conforme al art\u00edculo 31.1 de la Ley 2\/2023, le informamos que su identidad ser\u00e1 en todo caso reservada y que no se comunicar\u00e1 a las personas a las que se refieren los hechos relatados ni a terceros.<\/span><\/p>\n<h3><strong>Criterios de conservaci\u00f3n de los datos, \u00bfdurante cu\u00e1nto tiempo guardaremos sus datos personales? <\/strong><\/h3>\n<p><span data-contrast=\"none\">Conservaremos sus datos durante un plazo m\u00e1ximo de tres meses despu\u00e9s de la notificaci\u00f3n de la irregularidad si los hechos no hubieran sido probados y siempre que no resulten necesarios para otras finalidades o a efectos probatorios del debido control y supervisi\u00f3n en la prevenci\u00f3n de delitos. En caso de que los hechos s\u00ed resulten probados o con indicios suficientes, los datos se conservar\u00e1n mientras sea necesario para el ejercicio por parte de la entidad de sus derechos ante los tribunales de justicia, y cuando ya no sea necesario para ello, se suprimir\u00e1n con medidas de seguridad adecuadas para garantizar la anonimizaci\u00f3n de los datos o la destrucci\u00f3n total de los mismos.<\/span><\/p>\n<h3><strong>Comunicaci\u00f3n de los datos, \u00bfa qui\u00e9n facilitamos sus datos personales? <\/strong><\/h3>\n<p><span data-contrast=\"none\">Salvo obligaci\u00f3n legal, s\u00f3lo se comunicar\u00e1n sus datos a las siguientes categor\u00edas de destinatarios:<\/span><\/p>\n<p><span data-contrast=\"none\">Juzgados y Tribunales, as\u00ed como otros posibles \u00f3rganos de resoluci\u00f3n de conflictos. Fuerzas y Cuerpos de Seguridad del Estado. Notarios y registradores.<\/span><\/p>\n<p><span data-contrast=\"none\">Con los proveedores que necesiten acceder a sus datos personales para la prestaci\u00f3n de los servicios que les hayamos contratado o que por el propio funcionamiento de nuestros servicios electr\u00f3nicos (p\u00e1gina web y correos electr\u00f3nicos) puedan tener acceso a determinados datos personales, tenemos suscritos los contratos de confidencialidad y de encargo de tratamiento de datos personales necesarios y exigidos por la normativa para proteger su privacidad (art\u00edculo 28.3 GDPR).<\/span><\/p>\n<ol>\n<li><b><span data-contrast=\"none\"> ROCA. SL<\/span><\/b><\/li>\n<\/ol>\n<ol>\n<li data-leveltext=\"%1.\" data-font=\"\" data-listid=\"3\" data-list-defn-props=\"{\" aria-setsize=\"-1\" data-aria-posinset=\"1\" data-aria-level=\"1\"><span data-contrast=\"none\">Cl Bruc, 21 &#8211; Pral. 3 08010 Barcelona (Barcelona)<\/span><\/li>\n<\/ol>\n<h3><strong>Derechos que le asisten, \u00bfcu\u00e1les son sus derechos conforme al GDPR? <\/strong><\/h3>\n<p><span data-contrast=\"none\">Derecho de acceso, rectificaci\u00f3n, portabilidad y supresi\u00f3n de sus datos, y de limitaci\u00f3n u oposici\u00f3n a su tratamiento.<\/span><\/p>\n<p><span data-contrast=\"none\">Derecho a presentar una reclamaci\u00f3n ante la Autoridad de control (www.aepd.es) si considera que el tratamiento no se ajusta a la normativa vigente.<\/span><\/p>\n<\/div><\/div><\/div><\/div><\/div><\/div><\/div><\/div><div class=\"fusion-fullwidth fullwidth-box fusion-builder-row-2 fusion-flex-container has-pattern-background has-mask-background nonhundred-percent-fullwidth non-hundred-percent-height-scrolling fusion-no-medium-visibility fusion-no-large-visibility\" style=\"--awb-border-radius-top-left:0px;--awb-border-radius-top-right:0px;--awb-border-radius-bottom-right:0px;--awb-border-radius-bottom-left:0px;--awb-padding-top:0px;--awb-padding-right:0px;--awb-padding-bottom:0px;--awb-padding-left:0px;--awb-margin-top:50px;--awb-margin-bottom:0px;--awb-background-color:rgba(219,219,219,0.99);--awb-flex-wrap:wrap;\" ><div class=\"fusion-builder-row fusion-row fusion-flex-align-items-flex-start fusion-flex-content-wrap\" style=\"max-width:1456px;margin-left: calc(-4% \/ 2 );margin-right: calc(-4% \/ 2 );\"><div class=\"fusion-layout-column fusion_builder_column fusion-builder-column-1 fusion_builder_column_1_1 1_1 fusion-flex-column\" style=\"--awb-padding-top:5%;--awb-padding-right:5%;--awb-padding-bottom:5%;--awb-padding-left:5%;--awb-bg-color:#ffffff;--awb-bg-color-hover:#ffffff;--awb-bg-size:cover;--awb-width-large:100%;--awb-margin-top-large:0px;--awb-spacing-right-large:1.92%;--awb-margin-bottom-large:0px;--awb-spacing-left-large:1.92%;--awb-width-medium:100%;--awb-spacing-right-medium:1.92%;--awb-spacing-left-medium:1.92%;--awb-width-small:100%;--awb-spacing-right-small:1.92%;--awb-spacing-left-small:1.92%;\"><div class=\"fusion-column-wrapper fusion-column-has-shadow fusion-flex-justify-content-flex-start fusion-content-layout-column\"><div class=\"fusion-builder-row fusion-builder-row-inner fusion-row fusion-flex-align-items-flex-start fusion-flex-content-wrap\" style=\"width:104% !important;max-width:104% !important;margin-left: calc(-4% \/ 2 );margin-right: calc(-4% \/ 2 );\"><div class=\"fusion-layout-column fusion_builder_column_inner fusion-builder-nested-column-1 fusion_builder_column_inner_1_1 1_1 fusion-flex-column\" style=\"--awb-bg-size:cover;--awb-width-large:100%;--awb-margin-top-large:0px;--awb-spacing-right-large:1.92%;--awb-margin-bottom-large:20px;--awb-spacing-left-large:1.92%;--awb-width-medium:100%;--awb-spacing-right-medium:1.92%;--awb-spacing-left-medium:1.92%;--awb-width-small:100%;--awb-spacing-right-small:1.92%;--awb-spacing-left-small:1.92%;\"><div class=\"fusion-column-wrapper fusion-column-has-shadow fusion-flex-justify-content-flex-start fusion-content-layout-column\"><div class=\"fusion-title title fusion-title-2 fusion-sep-none fusion-title-text fusion-title-size-one\" style=\"--awb-text-color:#d81b5b;--awb-font-size:36px;\"><h1 class=\"fusion-title-heading title-heading-left fusion-responsive-typography-calculated\" style=\"margin:0;font-size:1em;--fontSize:36;line-height:1.2;\"><strong><u>Canal de Denuncias<\/u><\/strong><\/h1><\/div><div class=\"fusion-separator fusion-full-width-sep\" style=\"align-self: center;margin-left: auto;margin-right: auto;margin-bottom:10px;width:100%;\"><\/div><div class=\"fusion-text fusion-text-3\" id=\"nosaltres\"><h2><strong><span class=\"TextRun SCXW185606448 BCX0\" lang=\"CA-ES\" xml:lang=\"CA-ES\" data-contrast=\"none\"><span class=\"NormalTextRun SCXW185606448 BCX0\" data-ccp-parastyle=\"heading 2\">Resumen Reglamento Canal de Denuncias<\/span><\/span><\/strong><\/h2>\n<p><span data-contrast=\"auto\">Nuestro Reglamento del Canal de Denuncias refleja el compromiso de F. ROCA, S.L con la integridad y transparencia. <\/span><\/p>\n<p><span data-contrast=\"auto\">Establecimos procedimientos claros para la presentaci\u00f3n, gesti\u00f3n y resoluci\u00f3n de denuncias relacionadas con incumplimientos \u00e9ticos o legales. <\/span><\/p>\n<p><span data-contrast=\"auto\">Protegemos la confidencialidad y los derechos tanto de los denunciantes como de los denunciados, garantizando un trato justo e imparcial. <\/span><\/p>\n<p><span data-contrast=\"auto\">Adem\u00e1s, reforzamos la seguridad de la informaci\u00f3n y promovemos una cultura de transparencia y responsabilidad. <\/span><\/p>\n<p><span data-contrast=\"auto\">Nuestro Reglamento se alinea con las legislaciones vigentes, asegurando el respeto por las normativas de protecci\u00f3n de datos y lucha contra la corrupci\u00f3n.<\/span><\/p>\n<\/div><div ><a class=\"fusion-button button-flat fusion-button-default-size button-default fusion-button-default button-2 fusion-button-default-span fusion-button-default-type\" target=\"_self\" href=\"#\" data-toggle=\"modal\" data-target=\".fusion-modal.denuncies\"><span class=\"fusion-button-text\">Puede presentar una denuncia aqu\u00ed.<\/span><\/a><\/div><div class=\"fusion-separator fusion-full-width-sep\" style=\"align-self: center;margin-left: auto;margin-right: auto;margin-bottom:30px;width:100%;\"><\/div><div class=\"fusion-text fusion-text-4\" id=\"nosaltres\"><h3><strong>\u00bfQui\u00e9n es el responsable del tratamiento de los datos personales?<\/strong><\/h3>\n<ol>\n<li><span data-contrast=\"none\"> ROCA. SL es el Responsable del tratamiento de los datos personales del Interesado y le informa que estos datos se tratar\u00e1n de conformidad con lo dispuesto en el Reglamento (UE) 2016\/679, de 27 de abril (GDPR), y la Ley Org\u00e1nica 3\/2018, de 5 de diciembre (LOPDGDD), por lo que se le facilita la siguiente informaci\u00f3n del tratamiento:<\/span><\/li>\n<\/ol>\n<h3><strong>Hasta el tratamiento, \u00bfpara qu\u00e9 tratamos sus datos personales? <\/strong><\/h3>\n<p><span data-contrast=\"none\">Para la adecuada gesti\u00f3n de nuestro sistema interno de informaci\u00f3n o canal \u00e9tico, tramitando las correspondientes irregularidades notificadas a trav\u00e9s del mismo, y decidiendo sobre la procedencia de iniciar una investigaci\u00f3n, con la manera de detectar posibles delitos y prevenir la imposici\u00f3n de cualquier tipo de responsabilidad a F. ROCA. SL, as\u00ed como para evitar cualquier tipo de conducta contraria a la normativa interna o externa de la entidad.<\/span><\/p>\n<h3><strong>Legitimaci\u00f3n del tratamiento, \u00bfpor qu\u00e9 motivo podemos tratar sus datos personales? <\/strong><\/h3>\n<p><span data-contrast=\"none\">En base a la obligaci\u00f3n legal establecida en los art\u00edculos 10 y 13 de la Ley 2\/2023, de 20 de febrero, reguladora de la protecci\u00f3n de las personas que informen sobre infracciones normativas y de lucha contra la corrupci\u00f3n, de disponer de estos sistemas internos de informaci\u00f3n (art\u00edculo 6.1.c GDPR)<\/span><\/p>\n<h3><strong>Reserva de su identidad: <\/strong><\/h3>\n<p><span data-contrast=\"none\">Conforme al art\u00edculo 31.1 de la Ley 2\/2023, le informamos que su identidad ser\u00e1 en todo caso reservada y que no se comunicar\u00e1 a las personas a las que se refieren los hechos relatados ni a terceros.<\/span><\/p>\n<h3><strong>Criterios de conservaci\u00f3n de los datos, \u00bfdurante cu\u00e1nto tiempo guardaremos sus datos personales? <\/strong><\/h3>\n<p><span data-contrast=\"none\">Conservaremos sus datos durante un plazo m\u00e1ximo de tres meses despu\u00e9s de la notificaci\u00f3n de la irregularidad si los hechos no hubieran sido probados y siempre que no resulten necesarios para otras finalidades o a efectos probatorios del debido control y supervisi\u00f3n en la prevenci\u00f3n de delitos. En caso de que los hechos s\u00ed resulten probados o con indicios suficientes, los datos se conservar\u00e1n mientras sea necesario para el ejercicio por parte de la entidad de sus derechos ante los tribunales de justicia, y cuando ya no sea necesario para ello, se suprimir\u00e1n con medidas de seguridad adecuadas para garantizar la anonimizaci\u00f3n de los datos o la destrucci\u00f3n total de los mismos.<\/span><\/p>\n<h3><strong>Comunicaci\u00f3n de los datos, \u00bfa qui\u00e9n facilitamos sus datos personales? <\/strong><\/h3>\n<p><span data-contrast=\"none\">Salvo obligaci\u00f3n legal, s\u00f3lo se comunicar\u00e1n sus datos a las siguientes categor\u00edas de destinatarios:<\/span><\/p>\n<p><span data-contrast=\"none\">Juzgados y Tribunales, as\u00ed como otros posibles \u00f3rganos de resoluci\u00f3n de conflictos. Fuerzas y Cuerpos de Seguridad del Estado. Notarios y registradores.<\/span><\/p>\n<p><span data-contrast=\"none\">Con los proveedores que necesiten acceder a sus datos personales para la prestaci\u00f3n de los servicios que les hayamos contratado o que por el propio funcionamiento de nuestros servicios electr\u00f3nicos (p\u00e1gina web y correos electr\u00f3nicos) puedan tener acceso a determinados datos personales, tenemos suscritos los contratos de confidencialidad y de encargo de tratamiento de datos personales necesarios y exigidos por la normativa para proteger su privacidad (art\u00edculo 28.3 GDPR).<\/span><\/p>\n<ol>\n<li><b><span data-contrast=\"none\"> ROCA. SL<\/span><\/b><\/li>\n<\/ol>\n<ol>\n<li data-leveltext=\"%1.\" data-font=\"\" data-listid=\"3\" data-list-defn-props=\"{\" aria-setsize=\"-1\" data-aria-posinset=\"1\" data-aria-level=\"1\"><span data-contrast=\"none\">Cl Bruc, 21 &#8211; Pral. 3 08010 Barcelona (Barcelona)<\/span><\/li>\n<\/ol>\n<h3><strong>Derechos que le asisten, \u00bfcu\u00e1les son sus derechos conforme al GDPR? <\/strong><\/h3>\n<p><span data-contrast=\"none\">Derecho de acceso, rectificaci\u00f3n, portabilidad y supresi\u00f3n de sus datos, y de limitaci\u00f3n u oposici\u00f3n a su tratamiento.<\/span><\/p>\n<p><span data-contrast=\"none\">Derecho a presentar una reclamaci\u00f3n ante la Autoridad de control (www.aepd.es) si considera que el tratamiento no se ajusta a la normativa vigente.<\/span><\/p>\n<\/div><\/div><\/div><\/div><\/div><\/div><\/div><\/div><\/p>\n","protected":false},"excerpt":{"rendered":"","protected":false},"author":5,"featured_media":0,"parent":0,"menu_order":0,"comment_status":"closed","ping_status":"closed","template":"100-width.php","meta":{"footnotes":""},"class_list":["post-80464","page","type-page","status-publish","hentry"],"_links":{"self":[{"href":"https:\/\/froca.cat\/es\/wp-json\/wp\/v2\/pages\/80464","targetHints":{"allow":["GET"]}}],"collection":[{"href":"https:\/\/froca.cat\/es\/wp-json\/wp\/v2\/pages"}],"about":[{"href":"https:\/\/froca.cat\/es\/wp-json\/wp\/v2\/types\/page"}],"author":[{"embeddable":true,"href":"https:\/\/froca.cat\/es\/wp-json\/wp\/v2\/users\/5"}],"replies":[{"embeddable":true,"href":"https:\/\/froca.cat\/es\/wp-json\/wp\/v2\/comments?post=80464"}],"version-history":[{"count":8,"href":"https:\/\/froca.cat\/es\/wp-json\/wp\/v2\/pages\/80464\/revisions"}],"predecessor-version":[{"id":80863,"href":"https:\/\/froca.cat\/es\/wp-json\/wp\/v2\/pages\/80464\/revisions\/80863"}],"wp:attachment":[{"href":"https:\/\/froca.cat\/es\/wp-json\/wp\/v2\/media?parent=80464"}],"curies":[{"name":"wp","href":"https:\/\/api.w.org\/{rel}","templated":true}]}}