{"id":80871,"date":"2024-09-23T11:32:04","date_gmt":"2024-09-23T11:32:04","guid":{"rendered":"https:\/\/froca.cat\/terminos-y-condiciones-web\/"},"modified":"2024-09-23T11:38:21","modified_gmt":"2024-09-23T11:38:21","slug":"terminos-y-condiciones-web","status":"publish","type":"page","link":"https:\/\/froca.cat\/es\/terminos-y-condiciones-web\/","title":{"rendered":"T\u00c9RMINIS Y CONDICIONES WEB"},"content":{"rendered":"<p><div class=\"fusion-fullwidth fullwidth-box fusion-builder-row-1 fusion-flex-container nonhundred-percent-fullwidth non-hundred-percent-height-scrolling fusion-no-small-visibility\" style=\"--awb-border-radius-top-left:0px;--awb-border-radius-top-right:0px;--awb-border-radius-bottom-right:0px;--awb-border-radius-bottom-left:0px;--awb-padding-top:0px;--awb-padding-right:0px;--awb-padding-bottom:0px;--awb-padding-left:0px;--awb-margin-top:0px;--awb-margin-bottom:0px;--awb-background-color:rgba(219,219,219,0.99);--awb-flex-wrap:wrap;\" ><div class=\"fusion-builder-row fusion-row fusion-flex-align-items-flex-start fusion-flex-content-wrap\" style=\"max-width:calc( 1400px + 0px );margin-left: calc(-0px \/ 2 );margin-right: calc(-0px \/ 2 );\"><div class=\"fusion-layout-column fusion_builder_column fusion-builder-column-0 fusion_builder_column_1_1 1_1 fusion-flex-column\" style=\"--awb-padding-top:5%;--awb-padding-right:15%;--awb-padding-bottom:5%;--awb-padding-left:15%;--awb-bg-color:#ffffff;--awb-bg-color-hover:#ffffff;--awb-bg-size:cover;--awb-width-large:100%;--awb-margin-top-large:0px;--awb-spacing-right-large:0px;--awb-margin-bottom-large:0px;--awb-spacing-left-large:0px;--awb-width-medium:100%;--awb-spacing-right-medium:0px;--awb-spacing-left-medium:0px;--awb-width-small:100%;--awb-spacing-right-small:0px;--awb-spacing-left-small:0px;\"><div class=\"fusion-column-wrapper fusion-column-has-shadow fusion-flex-justify-content-flex-start fusion-content-layout-column\"><div class=\"fusion-builder-row fusion-builder-row-inner fusion-row fusion-flex-align-items-flex-start fusion-flex-content-wrap\" style=\"--awb-flex-grow:0;--awb-flex-grow-medium:0;--awb-flex-grow-small:0;--awb-flex-shrink:0;--awb-flex-shrink-medium:0;--awb-flex-shrink-small:0;width:calc( 100% + 0px ) !important;max-width:calc( 100% + 0px ) !important;margin-left: calc(-0px \/ 2 );margin-right: calc(-0px \/ 2 );\"><div class=\"fusion-layout-column fusion_builder_column_inner fusion-builder-nested-column-0 fusion_builder_column_inner_1_1 1_1 fusion-flex-column\" style=\"--awb-bg-size:cover;--awb-width-large:100%;--awb-margin-top-large:0px;--awb-spacing-right-large:0px;--awb-margin-bottom-large:20px;--awb-spacing-left-large:0px;--awb-width-medium:100%;--awb-spacing-right-medium:0px;--awb-spacing-left-medium:0px;--awb-width-small:100%;--awb-spacing-right-small:0px;--awb-spacing-left-small:0px;\"><div class=\"fusion-column-wrapper fusion-column-has-shadow fusion-flex-justify-content-flex-start fusion-content-layout-column\"><div class=\"fusion-title title fusion-title-1 fusion-sep-none fusion-title-text fusion-title-size-one\" style=\"--awb-text-color:#d81b5b;--awb-margin-top-small:10px;--awb-margin-bottom-small:10px;--awb-font-size:36px;\"><h1 class=\"fusion-title-heading title-heading-left fusion-responsive-typography-calculated\" style=\"margin:0;font-size:1em;--fontSize:36;line-height:1.2;\"><strong><u>T\u00c9RMINOS Y CONDICIONES WEB<\/u><\/strong><\/h1><\/div><div class=\"fusion-separator fusion-full-width-sep\" style=\"align-self: center;margin-left: auto;margin-right: auto;margin-bottom:10px;width:100%;\"><\/div><div class=\"fusion-text fusion-text-1\" style=\"--awb-content-alignment:left;\" id=\"nosaltres\"><p>Todas las compras que se realicen en la tienda en l\u00ednea froca.cat, del que es titular F.ROCA, S.L.U, con domicilio en C\/ Bruc, n\u00famero 21, 3\u00ba-1\u00aa, BARCELONA 08010, y CIF\/NIF N.\u00ba B-58333758, est\u00e1n sujetas a las Condiciones Generales de Uso expuestas a continuaci\u00f3n, las cuales podr\u00e1n ser modificadas sin previo aviso, por tanto, se recomienda leer atentamente su contenido antes de proceder a la adquisici\u00f3n de cualquiera de los productos y servicios ofrecidos.<\/p>\n<p><strong>1. TERRITORIO DE APLICACI\u00d3N \u00bf<\/strong> En qu\u00e9 pa\u00edses se puede comprar froca.cat?<br \/>\nActualmente puedes hacer tu compra en Espa\u00f1a.<\/p>\n<p><strong>2. PRECIOS<\/strong> Todos los precios de nuestros servicios est\u00e1n indicados en euros (\u20ac) y corresponden al precio unitario con IVA incluido.<\/p>\n<p><strong>3. FORMAS DE PAGO<\/strong> FROCA.CAT ofrece la siguiente forma de pago: Tarjeta de cr\u00e9dito VISA o MASTERCARD Te garantizamos que cada una de las transacciones realizadas en froca.cat es 100% segura.<br \/>\nTodas las operaciones que implican la transmisi\u00f3n de datos personales o bancarios se hacen utilizando un entorno seguro.<br \/>\nFroca.cat utiliza un servidor basado en la tecnolog\u00eda de seguridad est\u00e1ndar SSL (Secure Socket Layer).<br \/>\nToda la informaci\u00f3n que nos transmitas viaja cifrada a trav\u00e9s de la red.<br \/>\n(Si deseas saber m\u00e1s, visita nuestra secci\u00f3n Pago Seguro).<br \/>\nAsimismo, los datos sobre tu tarjeta de cr\u00e9dito no quedan registrados en ninguna base de datos, sino que van directamente al TPV (Terminal Punto de Venta) del Banco.<br \/>\nAdem\u00e1s, te informamos que, en un esfuerzo por proporcionar m\u00e1s seguridad a los propietarios de tarjetas de cr\u00e9dito, hemos incorporado a nuestra pasarela de pagos el sistema de pago seguro llamado CES (Comercio Electr\u00f3nico Seguro).<br \/>\nDe esta manera, si eres titular de una tarjeta \u00abseguridad\u00bb siempre podr\u00e1s efectuar pagos con tarjeta VISA o MASTERCARD en nuestra tienda.<br \/>\nEn el caso de que tu tarjeta no est\u00e9 adherida a este sistema de pago, froca.cat s\u00f3lo admitir\u00e1 el pago con tarjeta de cr\u00e9dito VISA o MASTERCARD a clientes con antig\u00fcedad y fiabilidad demostradas anteriormente.<br \/>\nEn ambos casos, al pagar con tarjeta VISA o MASTERCARD se pedir\u00e1n siempre los siguientes datos: el n\u00famero de tarjeta, la fecha de caducidad, y un C\u00f3digo de Facturaci\u00f3n que coincide con las 3 \u00faltimas cifras del n\u00famero impreso en cursiva en el reverso de tu tarjeta VISA o MASTERCARD, ofreciendo, de esta manera, m\u00e1s garant\u00edas sobre la seguridad de la transacci\u00f3n.<br \/>\nImportante: El fraude con tarjeta de cr\u00e9dito es un delito, y F. ROCA, S.L.U. emprender\u00e1 acciones legales contra todo aquel que haga una transacci\u00f3n fraudulenta en nuestra tienda en l\u00ednea.<br \/>\nProtegemos tus datos con SSL, las siglas que corresponden a los t\u00e9rminos en ingl\u00e9s (Secure Socket Layer), que es un protocolo de seguridad que hace que tus datos viajen de manera \u00edntegra y segura, es decir, la transmisi\u00f3n de los datos entre un servidor y un usuario web, y en retroalimentaci\u00f3n, es totalmente cifrada o encriptada. <strong>PayPal<\/strong><\/p>\n<p><strong>4. PROCESO DE COMPRA Y CONTRATACI\u00d3N<\/strong> Para realizar cualquier compra en <a href=\"http:\/\/www.froca.cat\" target=\"_new\" rel=\"noopener\">www.froca.cat<\/a>, es necesario que el cliente sea mayor de edad.<br \/>\nLos pasos a seguir para realizar la compra son: Seleccionar \u00abEspacio Families\u00bb en la p\u00e1gina web, y clicar en la opci\u00f3n escogida entre \u00abTickets Comedor\u00bb, \u00abTickets Acogida\u00bb.<br \/>\nSeleccionar la Escuela, y cumplimentar los campos relativos a los datos identificativos del alumno, edad, curso y fecha de la prestaci\u00f3n del servicio.<br \/>\nClicar en \u00abA\u00f1adir\u00bb para incorporar al carrer y clicar finalizar compra. Llenar los datos de facturaci\u00f3n y clicar realizar pedido.<br \/>\nEl cliente recibe una confirmaci\u00f3n del pedido en su correo electr\u00f3nico, que incluye la factura emitida.<br \/>\nSu pedido quedar\u00e1 registrado en nuestra base de datos y ser\u00e1 gestionado directamente por la escuela.<\/p>\n<p><strong>5. GARANT\u00cdA<\/strong> F. ROCA, S.L.U. garantiza la entrega de los tickets adquiridos de manera instant\u00e1nea mediante descarga en la p\u00e1gina web.<br \/>\nEl ticket adquirido se podr\u00e1 utilizar cualquier otro d\u00eda del curso escolar vigente en el momento en que haya sido adquirido.<\/p>\n<p><strong>6. DEVOLUCIONES<\/strong> Pol\u00edtica de devoluci\u00f3n: El usuario tiene derecho a la devoluci\u00f3n del importe del servicio en los siguientes t\u00e9rminos y condiciones: Las cancelaciones deben informarse por escrito, enviando un correo electr\u00f3nico a <a rel=\"noopener\">olgarius@froca.cat<\/a>.<br \/>\nNo se aceptan cancelaciones informadas por ninguna otra v\u00eda.<br \/>\nEn este correo deben constar todos los datos del ticket adquirido, incluyendo el nombre y apellidos del alumno, fecha y datos de contacto, as\u00ed como el motivo de la cancelaci\u00f3n.<br \/>\n<strong>7. PROTECCI\u00d3N DE DATOS DE CAR\u00c1CTER PERSONAL<\/strong> En cumplimiento de lo establecido en la Ley Org\u00e1nica 3\/2018, de 5 de diciembre, de Protecci\u00f3n de Datos de Car\u00e1cter Personal y garant\u00eda de derechos digitales, F. ROCA, S.L.U informa a sus clientes que cuantos datos personales nos faciliten ser\u00e1n incluidos en un fichero automatizado de datos de car\u00e1cter personal, creado y mantenido bajo la responsabilidad de F.ROCA S.L.U, con domicilio en C\/ Bruc, n\u00famero 21, 3\u00ba-1\u00aa, 08010, Barcelona, Barcelona, Espa\u00f1a.<br \/>\nLa finalidad de este fichero es facilitar la gesti\u00f3n y tramitaci\u00f3n de los pedidos y, en el caso de que nos haya autorizado expresamente en la casilla correspondiente, tambi\u00e9n enviar en el futuro, directamente o a trav\u00e9s de empresas colaboradoras, comunicaciones comerciales sobre productos y servicios que pueden ser de inter\u00e9s para nuestros clientes.<br \/>\nF. ROCA S.L.U garantiza la seguridad y confidencialidad de los datos facilitados.<br \/>\nAs\u00ed, se compromete al cumplimiento de su obligaci\u00f3n de secreto de los datos de car\u00e1cter personal y de su deber de guardarlos y adoptar todas las medidas necesarias para evitar su alteraci\u00f3n, p\u00e9rdida, tratamiento o uso no autorizado.<br \/>\nLos clientes de froca.cat podr\u00e1n en todo momento ejercer los derechos de acceso, rectificaci\u00f3n, cancelaci\u00f3n y oposici\u00f3n, comunic\u00e1ndolo por escrito a nuestra direcci\u00f3n de correo electr\u00f3nico <a rel=\"noopener\">froca@froca.cat<\/a> o por escrito a FROCA SLU, C\/ Bruc, n\u00famero 21, 3\u00ba-1\u00aa, 08010, Barcelona, Barcelona, Espa\u00f1a.<\/p>\n<\/div><\/div><\/div><\/div><\/div><\/div><\/div><\/div><div class=\"fusion-fullwidth fullwidth-box fusion-builder-row-2 fusion-flex-container nonhundred-percent-fullwidth non-hundred-percent-height-scrolling fusion-no-medium-visibility fusion-no-large-visibility\" style=\"--awb-border-radius-top-left:0px;--awb-border-radius-top-right:0px;--awb-border-radius-bottom-right:0px;--awb-border-radius-bottom-left:0px;--awb-padding-top:0px;--awb-padding-right:0px;--awb-padding-bottom:0px;--awb-padding-left:0px;--awb-margin-top:0px;--awb-margin-bottom:0px;--awb-background-color:rgba(219,219,219,0.99);--awb-flex-wrap:wrap;\" ><div class=\"fusion-builder-row fusion-row fusion-flex-align-items-flex-start fusion-flex-content-wrap\" style=\"max-width:calc( 1400px + 0px );margin-left: calc(-0px \/ 2 );margin-right: calc(-0px \/ 2 );\"><div class=\"fusion-layout-column fusion_builder_column fusion-builder-column-1 fusion_builder_column_1_1 1_1 fusion-flex-column\" style=\"--awb-padding-top:5%;--awb-padding-right:5%;--awb-padding-bottom:5%;--awb-padding-left:5%;--awb-bg-color:#ffffff;--awb-bg-color-hover:#ffffff;--awb-bg-size:cover;--awb-width-large:100%;--awb-margin-top-large:0px;--awb-spacing-right-large:0px;--awb-margin-bottom-large:0px;--awb-spacing-left-large:0px;--awb-width-medium:100%;--awb-spacing-right-medium:0px;--awb-spacing-left-medium:0px;--awb-width-small:100%;--awb-spacing-right-small:0px;--awb-spacing-left-small:0px;\"><div class=\"fusion-column-wrapper fusion-column-has-shadow fusion-flex-justify-content-flex-start fusion-content-layout-column\"><div class=\"fusion-builder-row fusion-builder-row-inner fusion-row fusion-flex-align-items-flex-start fusion-flex-content-wrap\" style=\"--awb-flex-grow:0;--awb-flex-grow-medium:0;--awb-flex-grow-small:0;--awb-flex-shrink:0;--awb-flex-shrink-medium:0;--awb-flex-shrink-small:0;width:calc( 100% + 0px ) !important;max-width:calc( 100% + 0px ) !important;margin-left: calc(-0px \/ 2 );margin-right: calc(-0px \/ 2 );\"><div class=\"fusion-layout-column fusion_builder_column_inner fusion-builder-nested-column-1 fusion_builder_column_inner_1_1 1_1 fusion-flex-column\" style=\"--awb-bg-size:cover;--awb-width-large:100%;--awb-margin-top-large:0px;--awb-spacing-right-large:0px;--awb-margin-bottom-large:20px;--awb-spacing-left-large:0px;--awb-width-medium:100%;--awb-spacing-right-medium:0px;--awb-spacing-left-medium:0px;--awb-width-small:100%;--awb-spacing-right-small:0px;--awb-spacing-left-small:0px;\"><div class=\"fusion-column-wrapper fusion-column-has-shadow fusion-flex-justify-content-flex-start fusion-content-layout-column\"><div class=\"fusion-title title fusion-title-2 fusion-sep-none fusion-title-text fusion-title-size-one\" style=\"--awb-text-color:#d81b5b;--awb-margin-top-small:10px;--awb-margin-bottom-small:10px;--awb-font-size:36px;\"><h1 class=\"fusion-title-heading title-heading-left fusion-responsive-typography-calculated\" style=\"margin:0;font-size:1em;--fontSize:36;line-height:1.2;\"><strong><u>T\u00c9RMINOS Y CONDICIONES WEB<\/u><\/strong><\/h1><\/div><div class=\"fusion-separator fusion-full-width-sep\" style=\"align-self: center;margin-left: auto;margin-right: auto;margin-bottom:10px;width:100%;\"><\/div><div class=\"fusion-text fusion-text-2\" style=\"--awb-content-alignment:left;\" id=\"nosaltres\"><p>Todas las compras que se realicen en la tienda en l\u00ednea froca.cat, del que es titular F.ROCA, S.L.U, con domicilio en C\/ Bruc, n\u00famero 21, 3\u00ba-1\u00aa, BARCELONA 08010, y CIF\/NIF N.\u00ba B-58333758, est\u00e1n sujetas a las Condiciones Generales de Uso expuestas a continuaci\u00f3n, las cuales podr\u00e1n ser modificadas sin previo aviso, por tanto, se recomienda leer atentamente su contenido antes de proceder a la adquisici\u00f3n de cualquiera de los productos y servicios ofrecidos.<\/p>\n<p><strong>1. TERRITORIO DE APLICACI\u00d3N \u00bf<\/strong> En qu\u00e9 pa\u00edses se puede comprar froca.cat?<br \/>\nActualmente puedes hacer tu compra en Espa\u00f1a.<\/p>\n<p><strong>2. PRECIOS<\/strong> Todos los precios de nuestros servicios est\u00e1n indicados en euros (\u20ac) y corresponden al precio unitario con IVA incluido.<\/p>\n<p><strong>3. FORMAS DE PAGO<\/strong> FROCA.CAT ofrece la siguiente forma de pago: Tarjeta de cr\u00e9dito VISA o MASTERCARD Te garantizamos que cada una de las transacciones realizadas en froca.cat es 100% segura.<br \/>\nTodas las operaciones que implican la transmisi\u00f3n de datos personales o bancarios se hacen utilizando un entorno seguro.<br \/>\nFroca.cat utiliza un servidor basado en la tecnolog\u00eda de seguridad est\u00e1ndar SSL (Secure Socket Layer).<br \/>\nToda la informaci\u00f3n que nos transmitas viaja cifrada a trav\u00e9s de la red.<br \/>\n(Si deseas saber m\u00e1s, visita nuestra secci\u00f3n Pago Seguro).<br \/>\nAsimismo, los datos sobre tu tarjeta de cr\u00e9dito no quedan registrados en ninguna base de datos, sino que van directamente al TPV (Terminal Punto de Venta) del Banco.<br \/>\nAdem\u00e1s, te informamos que, en un esfuerzo por proporcionar m\u00e1s seguridad a los propietarios de tarjetas de cr\u00e9dito, hemos incorporado a nuestra pasarela de pagos el sistema de pago seguro llamado CES (Comercio Electr\u00f3nico Seguro).<br \/>\nDe esta manera, si eres titular de una tarjeta \u00abseguridad\u00bb siempre podr\u00e1s efectuar pagos con tarjeta VISA o MASTERCARD en nuestra tienda.<br \/>\nEn el caso de que tu tarjeta no est\u00e9 adherida a este sistema de pago, froca.cat s\u00f3lo admitir\u00e1 el pago con tarjeta de cr\u00e9dito VISA o MASTERCARD a clientes con antig\u00fcedad y fiabilidad demostradas anteriormente.<br \/>\nEn ambos casos, al pagar con tarjeta VISA o MASTERCARD se pedir\u00e1n siempre los siguientes datos: el n\u00famero de tarjeta, la fecha de caducidad, y un C\u00f3digo de Facturaci\u00f3n que coincide con las 3 \u00faltimas cifras del n\u00famero impreso en cursiva en el reverso de tu tarjeta VISA o MASTERCARD, ofreciendo, de esta manera, m\u00e1s garant\u00edas sobre la seguridad de la transacci\u00f3n.<br \/>\nImportante: El fraude con tarjeta de cr\u00e9dito es un delito, y F. ROCA, S.L.U. emprender\u00e1 acciones legales contra todo aquel que haga una transacci\u00f3n fraudulenta en nuestra tienda en l\u00ednea.<br \/>\nProtegemos tus datos con SSL, las siglas que corresponden a los t\u00e9rminos en ingl\u00e9s (Secure Socket Layer), que es un protocolo de seguridad que hace que tus datos viajen de manera \u00edntegra y segura, es decir, la transmisi\u00f3n de los datos entre un servidor y un usuario web, y en retroalimentaci\u00f3n, es totalmente cifrada o encriptada. <strong>PayPal<\/strong><\/p>\n<p><strong>4. PROCESO DE COMPRA Y CONTRATACI\u00d3N<\/strong> Para realizar cualquier compra en <a href=\"http:\/\/www.froca.cat\" target=\"_new\" rel=\"noopener\">www.froca.cat<\/a>, es necesario que el cliente sea mayor de edad.<br \/>\nLos pasos a seguir para realizar la compra son: Seleccionar \u00abEspacio Families\u00bb en la p\u00e1gina web, y clicar en la opci\u00f3n escogida entre \u00abTickets Comedor\u00bb, \u00abTickets Acogida\u00bb.<br \/>\nSeleccionar la Escuela, y cumplimentar los campos relativos a los datos identificativos del alumno, edad, curso y fecha de la prestaci\u00f3n del servicio.<br \/>\nClicar en \u00abA\u00f1adir\u00bb para incorporar al carrer y clicar finalizar compra. Llenar los datos de facturaci\u00f3n y clicar realizar pedido.<br \/>\nEl cliente recibe una confirmaci\u00f3n del pedido en su correo electr\u00f3nico, que incluye la factura emitida.<br \/>\nSu pedido quedar\u00e1 registrado en nuestra base de datos y ser\u00e1 gestionado directamente por la escuela.<\/p>\n<p><strong>5. GARANT\u00cdA<\/strong> F. ROCA, S.L.U. garantiza la entrega de los tickets adquiridos de manera instant\u00e1nea mediante descarga en la p\u00e1gina web.<br \/>\nEl ticket adquirido se podr\u00e1 utilizar cualquier otro d\u00eda del curso escolar vigente en el momento en que haya sido adquirido.<\/p>\n<p><strong>6. DEVOLUCIONES<\/strong> Pol\u00edtica de devoluci\u00f3n: El usuario tiene derecho a la devoluci\u00f3n del importe del servicio en los siguientes t\u00e9rminos y condiciones: Las cancelaciones deben informarse por escrito, enviando un correo electr\u00f3nico a <a rel=\"noopener\">olgarius@froca.cat<\/a>.<br \/>\nNo se aceptan cancelaciones informadas por ninguna otra v\u00eda.<br \/>\nEn este correo deben constar todos los datos del ticket adquirido, incluyendo el nombre y apellidos del alumno, fecha y datos de contacto, as\u00ed como el motivo de la cancelaci\u00f3n.<br \/>\n<strong>7. PROTECCI\u00d3N DE DATOS DE CAR\u00c1CTER PERSONAL<\/strong> En cumplimiento de lo establecido en la Ley Org\u00e1nica 3\/2018, de 5 de diciembre, de Protecci\u00f3n de Datos de Car\u00e1cter Personal y garant\u00eda de derechos digitales, F. ROCA, S.L.U informa a sus clientes que cuantos datos personales nos faciliten ser\u00e1n incluidos en un fichero automatizado de datos de car\u00e1cter personal, creado y mantenido bajo la responsabilidad de F.ROCA S.L.U, con domicilio en C\/ Bruc, n\u00famero 21, 3\u00ba-1\u00aa, 08010, Barcelona, Barcelona, Espa\u00f1a.<br \/>\nLa finalidad de este fichero es facilitar la gesti\u00f3n y tramitaci\u00f3n de los pedidos y, en el caso de que nos haya autorizado expresamente en la casilla correspondiente, tambi\u00e9n enviar en el futuro, directamente o a trav\u00e9s de empresas colaboradoras, comunicaciones comerciales sobre productos y servicios que pueden ser de inter\u00e9s para nuestros clientes.<br \/>\nF. ROCA S.L.U garantiza la seguridad y confidencialidad de los datos facilitados.<br \/>\nAs\u00ed, se compromete al cumplimiento de su obligaci\u00f3n de secreto de los datos de car\u00e1cter personal y de su deber de guardarlos y adoptar todas las medidas necesarias para evitar su alteraci\u00f3n, p\u00e9rdida, tratamiento o uso no autorizado.<br \/>\nLos clientes de froca.cat podr\u00e1n en todo momento ejercer los derechos de acceso, rectificaci\u00f3n, cancelaci\u00f3n y oposici\u00f3n, comunic\u00e1ndolo por escrito a nuestra direcci\u00f3n de correo electr\u00f3nico <a rel=\"noopener\">froca@froca.cat<\/a> o por escrito a FROCA SLU, C\/ Bruc, n\u00famero 21, 3\u00ba-1\u00aa, 08010, Barcelona, Barcelona, Espa\u00f1a.<\/p>\n<\/div><\/div><\/div><\/div><\/div><\/div><\/div><\/div><\/p>\n","protected":false},"excerpt":{"rendered":"","protected":false},"author":1,"featured_media":0,"parent":0,"menu_order":0,"comment_status":"closed","ping_status":"closed","template":"100-width.php","meta":{"footnotes":""},"class_list":["post-80871","page","type-page","status-publish","hentry"],"_links":{"self":[{"href":"https:\/\/froca.cat\/es\/wp-json\/wp\/v2\/pages\/80871","targetHints":{"allow":["GET"]}}],"collection":[{"href":"https:\/\/froca.cat\/es\/wp-json\/wp\/v2\/pages"}],"about":[{"href":"https:\/\/froca.cat\/es\/wp-json\/wp\/v2\/types\/page"}],"author":[{"embeddable":true,"href":"https:\/\/froca.cat\/es\/wp-json\/wp\/v2\/users\/1"}],"replies":[{"embeddable":true,"href":"https:\/\/froca.cat\/es\/wp-json\/wp\/v2\/comments?post=80871"}],"version-history":[{"count":8,"href":"https:\/\/froca.cat\/es\/wp-json\/wp\/v2\/pages\/80871\/revisions"}],"predecessor-version":[{"id":80888,"href":"https:\/\/froca.cat\/es\/wp-json\/wp\/v2\/pages\/80871\/revisions\/80888"}],"wp:attachment":[{"href":"https:\/\/froca.cat\/es\/wp-json\/wp\/v2\/media?parent=80871"}],"curies":[{"name":"wp","href":"https:\/\/api.w.org\/{rel}","templated":true}]}}